{"id":406,"date":"2024-06-21T18:09:56","date_gmt":"2024-06-21T11:09:56","guid":{"rendered":"https:\/\/newhopevinhlong.com\/?post_type=product&#038;p=406"},"modified":"2025-10-30T09:22:10","modified_gmt":"2025-10-30T02:22:10","slug":"cr203","status":"publish","type":"product","link":"https:\/\/www.newhopevinhlong.com\/en\/product\/cr203\/","title":{"rendered":"CR203"},"content":{"rendered":"<p><strong>NGUY\u00caN LI\u1ec6U CH\u00cdNH<\/strong><\/p>\n<p>B\u1ed9t c\u00e1, b\u1ed9t \u0111\u1eadu n\u00e0nh, b\u1ed9t m\u00ec, c\u00e1m g\u1ea1o, ch\u1ea5t d\u1eabn d\u1ee5, d\u1ea7u c\u00e1, Vitamin, kho\u00e1ng ch\u1ea5t,\u2026<\/p>\n<p><strong>TH\u00c0NH PH\u1ea6N DINH D\u01af\u1ee0NG V\u00c0 H\u01af\u1edaNG D\u1eaaN S\u1eec D\u1ee4NG<\/strong><\/p>\n<table>\n<tbody>\n<tr>\n<td colspan=\"2\" width=\"571\"><strong>CH\u1ec8 TI\u00caU CH\u1ea4T L\u01af\u1ee2NG<\/strong><\/td>\n<\/tr>\n<tr>\n<td width=\"337\">Protein th\u00f4 (%)\u00a0 min<\/td>\n<td width=\"234\">30<\/td>\n<\/tr>\n<tr>\n<td width=\"337\">B\u00e9o t\u1ed5ng s\u1ed1 (%) min<\/td>\n<td width=\"234\">6,0<\/td>\n<\/tr>\n<tr>\n<td width=\"337\">\u0110\u1ed9 \u1ea9m (%) max<\/td>\n<td width=\"234\">11<\/td>\n<\/tr>\n<tr>\n<td width=\"337\">X\u01a1 th\u00f4 (%) max<\/td>\n<td width=\"234\">6<\/td>\n<\/tr>\n<tr>\n<td width=\"337\">Canxi (%) min<\/td>\n<td width=\"234\">1,5<\/td>\n<\/tr>\n<tr>\n<td width=\"337\">Photpho t\u1ed5ng s\u1ed1 (%) min<\/td>\n<td width=\"234\">1,0<\/td>\n<\/tr>\n<tr>\n<td width=\"337\">Lysine t\u1ed5ng s\u1ed1 (%) min<\/td>\n<td width=\"234\">1,5<\/td>\n<\/tr>\n<tr>\n<td width=\"337\">Methionine + Cystine (%) min<\/td>\n<td width=\"234\">1,0<\/td>\n<\/tr>\n<tr>\n<td width=\"337\">Ethoxyquin (ppm) max<\/td>\n<td width=\"234\">150<\/td>\n<\/tr>\n<tr>\n<td colspan=\"2\" width=\"571\"><strong>C\u00c1CH S\u1eec D\u1ee4NG<\/strong><\/td>\n<\/tr>\n<tr>\n<td width=\"337\">Tr\u1ecdng l\u01b0\u1ee3ng c\u00e1 (g\/con)<\/td>\n<td width=\"234\">&lt; 200<\/td>\n<\/tr>\n<tr>\n<td width=\"337\">T\u1ef7 l\u1ec7 cho \u0103n (%)<\/td>\n<td width=\"234\">4 &#8211; 3<\/td>\n<\/tr>\n<tr>\n<td width=\"337\">S\u1ed1 l\u1ea7n cho \u0103n trong ng\u00e0y<\/td>\n<td width=\"234\">3 &#8211; 4<\/td>\n<\/tr>\n<tr>\n<td width=\"337\">TCCS<\/td>\n<td width=\"234\">07-02:2020\/NHVLTS<\/td>\n<\/tr>\n<\/tbody>\n<\/table>\n<p><strong>GHI CH\u00da<\/strong><\/p>\n<p>C\u00e1c s\u1ed1 li\u1ec7u tr\u00ean \u0111\u01b0\u1ee3c \u0111i\u1ec1u ch\u1ec9nh d\u1ef1a v\u00e0o th\u1eddi ti\u1ebft, nhi\u1ec7t \u0111\u1ed9, ch\u1ea5t l\u01b0\u1ee3ng n\u01b0\u1edbc ao, t\u00ednh th\u00e8m \u0103n, tr\u1ecdng l\u01b0\u1ee3ng v\u00e0 k\u00edch c\u1ee1 c\u00e1.<\/p>\n<p><strong>B\u1ea2NG K\u00cdCH C\u1ee0 VI\u00caN TH\u1ee8C \u0102N<\/strong><\/p>\n<table width=\"59%\">\n<tbody>\n<tr>\n<td width=\"32%\"><strong>K\u00edch c\u1ee1 (mm)<\/strong><\/td>\n<td width=\"22%\"><strong>2,0<\/strong><\/td>\n<td width=\"22%\"><strong>3,0<\/strong><\/td>\n<td width=\"22%\"><strong>4,0<\/strong><\/td>\n<\/tr>\n<\/tbody>\n<\/table>\n","protected":false},"excerpt":{"rendered":"<p><strong>\u0110\u1eb6C \u0110I\u1ec2M S\u1ea2N PH\u1ea8M<\/strong><\/p>\n<ul>\n<li>C\u00e2n \u0111\u1ed1i dinh d\u01b0\u1ee1ng m\u1ed9t c\u00e1ch to\u00e0n di\u1ec7n, b\u1ea3o \u0111\u1ea3m c\u00e1 ph\u00e1t tri\u1ec3n nhanh, m\u1ea1nh kh\u1ecfe, r\u00fat ng\u1eafn chu k\u1ef3 nu\u00f4i.<\/li>\n<li>S\u1eed d\u1ee5ng c\u00f4ng ngh\u1ec7 nghi\u1ec1n b\u1ed9t ti\u00ean ti\u1ebfn tr\u00ean th\u1ebf gi\u1edbi \u0111\u1ec3 s\u1ea3n xu\u1ea5t ra s\u1ea3n ph\u1ea9m t\u1ef7 l\u1ec7 h\u1ea5p thu cao.<\/li>\n<li>H\u1ec7 s\u1ed1 chuy\u1ec3n h\u00f3a th\u1ee9c \u0103n t\u1ed1i \u01b0u, hi\u1ec7u qu\u1ea3 ch\u0103n nu\u00f4i cao.<\/li>\n<\/ul>\n","protected":false},"featured_media":0,"comment_status":"closed","ping_status":"closed","template":"","meta":[],"product_cat":[40,46],"product_tag":[],"class_list":{"0":"post-406","1":"product","2":"type-product","3":"status-publish","5":"product_cat-thuc-an-ca","6":"product_cat-thuc-an-ca-ro-ca-tre-vang","8":"first","9":"instock","10":"shipping-taxable","11":"product-type-simple"},"_links":{"self":[{"href":"https:\/\/www.newhopevinhlong.com\/en\/wp-json\/wp\/v2\/product\/406"}],"collection":[{"href":"https:\/\/www.newhopevinhlong.com\/en\/wp-json\/wp\/v2\/product"}],"about":[{"href":"https:\/\/www.newhopevinhlong.com\/en\/wp-json\/wp\/v2\/types\/product"}],"replies":[{"embeddable":true,"href":"https:\/\/www.newhopevinhlong.com\/en\/wp-json\/wp\/v2\/comments?post=406"}],"wp:attachment":[{"href":"https:\/\/www.newhopevinhlong.com\/en\/wp-json\/wp\/v2\/media?parent=406"}],"wp:term":[{"taxonomy":"product_cat","embeddable":true,"href":"https:\/\/www.newhopevinhlong.com\/en\/wp-json\/wp\/v2\/product_cat?post=406"},{"taxonomy":"product_tag","embeddable":true,"href":"https:\/\/www.newhopevinhlong.com\/en\/wp-json\/wp\/v2\/product_tag?post=406"}],"curies":[{"name":"wp","href":"https:\/\/api.w.org\/{rel}","templated":true}]}}