{"id":353,"date":"2024-06-21T00:53:32","date_gmt":"2024-06-20T17:53:32","guid":{"rendered":"https:\/\/newhopevinhlong.com\/?post_type=product&#038;p=353"},"modified":"2026-02-10T14:46:56","modified_gmt":"2026-02-10T07:46:56","slug":"s800","status":"publish","type":"product","link":"https:\/\/www.newhopevinhlong.com\/en\/product\/s800\/","title":{"rendered":"S800"},"content":{"rendered":"<p><strong>NGUY\u00caN LI\u1ec6U CH\u00cdNH<\/strong><\/p>\n<p>B\u1ed9t c\u00e1, b\u1ed9t \u0111\u1eadu n\u00e0nh, b\u1ed9t m\u00ec, b\u1ed9t n\u1ed9i t\u1ea1ng m\u1ef1c, Lecithin, ch\u1ea5t d\u1eabn d\u1ee5, b\u1ed9t v\u1ecf t\u00f4m, b\u1ed9t men, d\u1ea7u c\u00e1, kho\u00e1ng ch\u1ea5t,\u2026<\/p>\n<p><strong>TH\u00c0NH PH\u1ea6N DINH D\u01af\u1ee0NG V\u00c0 H\u01af\u1edaNG D\u1eaaN S\u1eec D\u1ee4NG<\/strong><\/p>\n<table>\n<tbody>\n<tr>\n<td colspan=\"2\" width=\"571\"><strong>CH\u1ec8 TI\u00caU CH\u1ea4T L\u01af\u1ee2NG<\/strong><\/td>\n<\/tr>\n<tr>\n<td width=\"337\">Protein th\u00f4 (%)\u00a0 min<\/td>\n<td width=\"234\">45<\/td>\n<\/tr>\n<tr>\n<td width=\"337\">B\u00e9o t\u1ed5ng s\u1ed1 (%) min<\/td>\n<td width=\"234\">3,0<\/td>\n<\/tr>\n<tr>\n<td width=\"337\">N\u0103ng l\u01b0\u1ee3ng ME (kcal\/kg) min<\/td>\n<td width=\"234\">3500<\/td>\n<\/tr>\n<tr>\n<td width=\"337\">\u0110\u1ed9 \u1ea9m (%) max<\/td>\n<td width=\"234\">11<\/td>\n<\/tr>\n<tr>\n<td width=\"337\">X\u01a1 th\u00f4 (%) max<\/td>\n<td width=\"234\">3<\/td>\n<\/tr>\n<tr>\n<td width=\"337\">Canxi (%) min<\/td>\n<td width=\"234\">1,5<\/td>\n<\/tr>\n<tr>\n<td width=\"337\">Photpho t\u1ed5ng s\u1ed1 (%) min<\/td>\n<td width=\"234\">1,0<\/td>\n<\/tr>\n<tr>\n<td width=\"337\">Lysine t\u1ed5ng s\u1ed1 (%) min<\/td>\n<td width=\"234\">2,2<\/td>\n<\/tr>\n<tr>\n<td width=\"337\">Methionine + Cystine (%) min<\/td>\n<td width=\"234\">1,0<\/td>\n<\/tr>\n<tr>\n<td width=\"337\">Ethoxyquin (ppm) max<\/td>\n<td width=\"234\">150<\/td>\n<\/tr>\n<tr>\n<td width=\"337\">Kh\u00e1ng sinh<\/td>\n<td width=\"234\">Kh\u00f4ng c\u00f3<\/td>\n<\/tr>\n<tr>\n<td colspan=\"2\" width=\"571\">C\u00c1CH S\u1eec D\u1ee4NG<\/td>\n<\/tr>\n<tr>\n<td width=\"337\">Tr\u1ecdng l\u01b0\u1ee3ng t\u00f4m (g\/con)<\/td>\n<td width=\"234\">&lt; 0,2<\/td>\n<\/tr>\n<tr>\n<td width=\"337\">T\u1ef7 l\u1ec7 cho \u0103n (%)<\/td>\n<td width=\"234\">12 &#8211; 10<\/td>\n<\/tr>\n<tr>\n<td width=\"337\">S\u1ed1 l\u1ea7n cho \u0103n trong ng\u00e0y<\/td>\n<td width=\"234\">2 &#8211; 3<\/td>\n<\/tr>\n<tr>\n<td width=\"337\">Th\u1eddi gian \u0103n h\u1ebft trong v\u00f3 (h)<\/td>\n<td width=\"234\">3,0<\/td>\n<\/tr>\n<tr>\n<td width=\"337\">L\u01b0\u01a1ng th\u1ef1c ki\u1ec3m tra trong v\u00f3 (%)<\/td>\n<td width=\"234\">2,5<\/td>\n<\/tr>\n<tr>\n<td width=\"337\">TCCS<\/td>\n<td width=\"234\">02-01:2017\/NHVLTS<\/td>\n<\/tr>\n<\/tbody>\n<\/table>\n<p>&nbsp;<\/p>\n<p><strong>GHI CH\u00da<\/strong><\/p>\n<p>C\u00e1c s\u1ed1 li\u1ec7u tr\u00ean \u0111\u01b0\u1ee3c \u0111i\u1ec1u ch\u1ec9nh d\u1ef1a v\u00e0o th\u1eddi ti\u1ebft, nhi\u1ec7t \u0111\u1ed9, ch\u1ea5t l\u01b0\u1ee3ng n\u01b0\u1edbc ao, t\u00ednh th\u00e8m \u0103n, tr\u1ecdng l\u01b0\u1ee3ng v\u00e0 k\u00edch c\u1ee1 t\u00f4m.<\/p>\n<p><strong>B\u1ea2NG K\u00cdCH C\u1ee0 VI\u00caN TH\u1ee8C \u0102N<\/strong><\/p>\n<table width=\"54%\">\n<tbody>\n<tr>\n<td width=\"47%\"><strong>K\u00edch c\u1ee1 (mm)<\/strong><\/td>\n<td width=\"26%\"><strong>1,6<\/strong><\/td>\n<td width=\"26%\"><strong>1,9<\/strong><\/td>\n<\/tr>\n<tr>\n<td width=\"47%\"><strong>M\u00e3 bao<\/strong><\/td>\n<td width=\"26%\"><strong>3<\/strong><\/td>\n<td width=\"26%\"><strong>4<\/strong><\/td>\n<\/tr>\n<\/tbody>\n<\/table>\n<p>&nbsp;<\/p>\n","protected":false},"excerpt":{"rendered":"<p><strong>\u0110\u1eb6C \u0110I\u1ec2M S\u1ea2N PH\u1ea8M<\/strong><\/p>\n<ul>\n<li>C\u00e2n \u0111\u1ed1i dinh d\u01b0\u1ee1ng m\u1ed9t c\u00e1ch to\u00e0n di\u1ec7n, b\u1ea3o \u0111\u1ea3m t\u00f4m ph\u00e1t tri\u1ec3n nhanh, m\u1ea1nh kh\u1ecfe, r\u00fat ng\u1eafn chu k\u1ef3 nu\u00f4i.<\/li>\n<li>S\u1eed d\u1ee5ng c\u00f4ng ngh\u1ec7 nghi\u1ec1n b\u1ed9t ti\u00ean ti\u1ebfn tr\u00ean th\u1ebf gi\u1edbi \u0111\u1ec3 s\u1ea3n xu\u1ea5t ra s\u1ea3n ph\u1ea9m t\u1ef7 l\u1ec7 h\u1ea5p thu cao.<\/li>\n<li>H\u1ec7 s\u1ed1 chuy\u1ec3n h\u00f3a th\u1ee9c \u0103n t\u1ed1i \u01b0u, hi\u1ec7u qu\u1ea3 nu\u00f4i tr\u1ed3ng cao.<\/li>\n<\/ul>\n","protected":false},"featured_media":2547,"comment_status":"closed","ping_status":"closed","template":"","meta":[],"product_cat":[41,50],"product_tag":[],"class_list":{"0":"post-353","1":"product","2":"type-product","3":"status-publish","4":"has-post-thumbnail","6":"product_cat-thuc-an-tom","7":"product_cat-thuc-an-tom-su","9":"first","10":"instock","11":"shipping-taxable","12":"product-type-simple"},"_links":{"self":[{"href":"https:\/\/www.newhopevinhlong.com\/en\/wp-json\/wp\/v2\/product\/353"}],"collection":[{"href":"https:\/\/www.newhopevinhlong.com\/en\/wp-json\/wp\/v2\/product"}],"about":[{"href":"https:\/\/www.newhopevinhlong.com\/en\/wp-json\/wp\/v2\/types\/product"}],"replies":[{"embeddable":true,"href":"https:\/\/www.newhopevinhlong.com\/en\/wp-json\/wp\/v2\/comments?post=353"}],"wp:featuredmedia":[{"embeddable":true,"href":"https:\/\/www.newhopevinhlong.com\/en\/wp-json\/wp\/v2\/media\/2547"}],"wp:attachment":[{"href":"https:\/\/www.newhopevinhlong.com\/en\/wp-json\/wp\/v2\/media?parent=353"}],"wp:term":[{"taxonomy":"product_cat","embeddable":true,"href":"https:\/\/www.newhopevinhlong.com\/en\/wp-json\/wp\/v2\/product_cat?post=353"},{"taxonomy":"product_tag","embeddable":true,"href":"https:\/\/www.newhopevinhlong.com\/en\/wp-json\/wp\/v2\/product_tag?post=353"}],"curies":[{"name":"wp","href":"https:\/\/api.w.org\/{rel}","templated":true}]}}