{"id":2644,"date":"2026-03-20T16:12:02","date_gmt":"2026-03-20T09:12:02","guid":{"rendered":"https:\/\/newhopevinhlong.com\/?post_type=product&#038;p=2644"},"modified":"2026-03-20T16:31:36","modified_gmt":"2026-03-20T09:31:36","slug":"seaking","status":"publish","type":"product","link":"https:\/\/www.newhopevinhlong.com\/en\/product\/seaking\/","title":{"rendered":"SEAKING"},"content":{"rendered":"<p><strong>NGUY\u00caN LI\u1ec6U CH\u00cdNH<\/strong><\/p>\n<p>B\u1ed9t c\u00e1, b\u1ed9t \u0111\u1eadu n\u00e0nh, b\u1ed9t m\u00ec, c\u00e1m g\u1ea1o, ch\u1ea5t d\u1eabn d\u1ee5, d\u1ea7u c\u00e1, Vitamin, kho\u00e1ng ch\u1ea5t,\u2026<\/p>\n<p><strong>TH\u00c0NH PH\u1ea6N DINH D\u01af\u1ee0NG V\u00c0 H\u01af\u1edaNG D\u1eaaN S\u1eec D\u1ee4NG<\/strong><\/p>\n<table style=\"height: 963px;\" width=\"1232\">\n<tbody>\n<tr>\n<td colspan=\"4\" width=\"604\">\n<p style=\"text-align: center;\"><strong>CH\u1ec8 TI\u00caU CH\u1ea4T L\u01af\u1ee2NG<\/strong><\/p>\n<\/td>\n<\/tr>\n<tr>\n<td width=\"213\">M\u00e3 s\u1ed1 th\u1ee9c \u0103n<\/td>\n<td width=\"134\">\n<p style=\"text-align: center;\"><strong>SK01<\/strong><\/p>\n<\/td>\n<td style=\"text-align: center;\" width=\"127\"><strong>SK02<\/strong><\/td>\n<td width=\"130\">\n<p style=\"text-align: center;\"><strong>SK03<\/strong><\/p>\n<\/td>\n<\/tr>\n<tr>\n<td width=\"213\">Protein th\u00f4 (%) min<\/td>\n<td width=\"134\">\n<p style=\"text-align: center;\">45<\/p>\n<\/td>\n<td style=\"text-align: center;\" width=\"127\">43<\/td>\n<td width=\"130\">\n<p style=\"text-align: center;\">43<\/p>\n<\/td>\n<\/tr>\n<tr>\n<td width=\"213\">B\u00e9o t\u1ed5ng s\u1ed1 (%) min<\/td>\n<td width=\"134\">\n<p style=\"text-align: center;\">7,0<\/p>\n<\/td>\n<td style=\"text-align: center;\" width=\"127\">8,0<\/td>\n<td width=\"130\">\n<p style=\"text-align: center;\">8,0<\/p>\n<\/td>\n<\/tr>\n<tr>\n<td width=\"213\">\u0110\u1ed9 \u1ea9m (%) max<\/td>\n<td width=\"134\">\n<p style=\"text-align: center;\">11<\/p>\n<\/td>\n<td style=\"text-align: center;\" width=\"127\">11<\/td>\n<td width=\"130\">\n<p style=\"text-align: center;\">11<\/p>\n<\/td>\n<\/tr>\n<tr>\n<td width=\"213\">X\u01a1 th\u00f4 (%) max<\/td>\n<td width=\"134\">\n<p style=\"text-align: center;\">3<\/p>\n<\/td>\n<td style=\"text-align: center;\" width=\"127\">3<\/td>\n<td width=\"130\">\n<p style=\"text-align: center;\">3<\/p>\n<\/td>\n<\/tr>\n<tr>\n<td width=\"213\">Canxi (%) min<\/td>\n<td width=\"134\">\n<p style=\"text-align: center;\">1,5<\/p>\n<\/td>\n<td style=\"text-align: center;\" width=\"127\">1,5<\/td>\n<td width=\"130\">\n<p style=\"text-align: center;\">1,5<\/p>\n<\/td>\n<\/tr>\n<tr>\n<td width=\"213\">Photpho t\u1ed5ng s\u1ed1 (%) min<\/td>\n<td width=\"134\">\n<p style=\"text-align: center;\">1,0<\/p>\n<\/td>\n<td style=\"text-align: center;\" width=\"127\">1,0<\/td>\n<td width=\"130\">\n<p style=\"text-align: center;\">1,0<\/p>\n<\/td>\n<\/tr>\n<tr>\n<td width=\"213\">Lysine t\u1ed5ng s\u1ed1 (%) min<\/td>\n<td width=\"134\">\n<p style=\"text-align: center;\">2,5<\/p>\n<\/td>\n<td style=\"text-align: center;\" width=\"127\">2,4<\/td>\n<td width=\"130\">\n<p style=\"text-align: center;\">2,3<\/p>\n<\/td>\n<\/tr>\n<tr>\n<td width=\"213\">Methionine + Cystine (%) min<\/td>\n<td width=\"134\">\n<p style=\"text-align: center;\">1,1<\/p>\n<\/td>\n<td style=\"text-align: center;\" width=\"127\">1,1<\/td>\n<td width=\"130\">\n<p style=\"text-align: center;\">1,1<\/p>\n<\/td>\n<\/tr>\n<tr>\n<td width=\"213\">Ethoxyquin (ppm) max<\/td>\n<td width=\"134\">\n<p style=\"text-align: center;\">150<\/p>\n<\/td>\n<td style=\"text-align: center;\" width=\"127\">150<\/td>\n<td width=\"130\">\n<p style=\"text-align: center;\">150<\/p>\n<\/td>\n<\/tr>\n<tr>\n<td colspan=\"4\" width=\"604\">\n<p style=\"text-align: center;\"><strong>C\u00c1CH S\u1eec D\u1ee4NG<\/strong><\/p>\n<\/td>\n<\/tr>\n<tr>\n<td width=\"213\">\n<p style=\"text-align: left;\">Tr\u1ecdng l\u01b0\u1ee3ng c\u00e1 (g\/con)<\/p>\n<\/td>\n<td style=\"text-align: center;\" width=\"134\">&gt; 5<\/td>\n<td style=\"text-align: center;\" width=\"127\">&gt; 5<\/td>\n<td width=\"130\">\n<p style=\"text-align: center;\">&gt; 5<\/p>\n<\/td>\n<\/tr>\n<tr>\n<td width=\"213\">T\u1ef7 l\u1ec7 cho \u0103n (%)<\/td>\n<td width=\"134\">\n<p style=\"text-align: center;\">6 &#8211; 4<\/p>\n<\/td>\n<td style=\"text-align: center;\" width=\"127\">6 &#8211; 4<\/td>\n<td width=\"130\">\n<p style=\"text-align: center;\">6 &#8211; 4<\/p>\n<\/td>\n<\/tr>\n<tr>\n<td width=\"213\">S\u1ed1 l\u1ea7n cho \u0103n trong ng\u00e0y<\/td>\n<td width=\"134\">\n<p style=\"text-align: center;\">3 &#8211; 4<\/p>\n<\/td>\n<td style=\"text-align: center;\" width=\"127\">6 &#8211; 4<\/td>\n<td width=\"130\">\n<p style=\"text-align: center;\">6 &#8211; 4<\/p>\n<\/td>\n<\/tr>\n<tr>\n<td width=\"213\">TCCS<\/td>\n<td width=\"134\">\n<p style=\"text-align: center;\">01-01:2026<br \/>\n\/NHVLTS<\/p>\n<\/td>\n<td style=\"text-align: center;\" width=\"127\">02-01:2026<br \/>\n\/NHVLTS<\/td>\n<td width=\"130\">\n<p style=\"text-align: center;\">03-01:2026<br \/>\n\/NHVLTS<\/p>\n<\/td>\n<\/tr>\n<\/tbody>\n<\/table>\n<p><strong>GHI CH\u00da<\/strong><\/p>\n<p>C\u00e1c s\u1ed1 li\u1ec7u tr\u00ean \u0111\u01b0\u1ee3c \u0111i\u1ec1u ch\u1ec9nh d\u1ef1a v\u00e0o th\u1eddi ti\u1ebft, nhi\u1ec7t \u0111\u1ed9, ch\u1ea5t l\u01b0\u1ee3ng n\u01b0\u1edbc ao, t\u00ednh th\u00e8m \u0103n, tr\u1ecdng l\u01b0\u1ee3ng v\u00e0 k\u00edch c\u1ee1 c\u00e1.<\/p>\n<p><strong>B\u1ea2NG K\u00cdCH C\u1ee0 VI\u00caN TH\u1ee8C \u0102N<\/strong><\/p>\n<table width=\"100%\">\n<tbody>\n<tr>\n<td width=\"20%\"><strong>K\u00edch c\u1ee1 (mm)<\/strong><\/td>\n<td width=\"8%\">\n<p style=\"text-align: center;\"><strong>1,0<\/strong><\/p>\n<\/td>\n<td style=\"text-align: center;\" width=\"8%\"><strong>1,5<\/strong><\/td>\n<td style=\"text-align: center;\" width=\"8%\"><strong>2,0<\/strong><\/td>\n<td style=\"text-align: center;\" width=\"8%\"><strong>3,0<\/strong><\/td>\n<td style=\"text-align: center;\" width=\"8%\"><strong>4,0<\/strong><\/td>\n<td style=\"text-align: center;\" width=\"8%\"><strong>6,0<\/strong><\/td>\n<td style=\"text-align: center;\" width=\"8%\"><strong>9,0<\/strong><\/td>\n<td style=\"text-align: center;\" width=\"8%\"><strong>12,0<\/strong><\/td>\n<td width=\"8%\">\n<p style=\"text-align: center;\"><strong>14,0<\/strong><\/p>\n<\/td>\n<\/tr>\n<\/tbody>\n<\/table>\n<p>&nbsp;<\/p>\n","protected":false},"excerpt":{"rendered":"<p><strong>\u0110\u1eb6C \u0110I\u1ec2M S\u1ea2N PH\u1ea8M<\/strong><\/p>\n<ul>\n<li>C\u00e2n \u0111\u1ed1i dinh d\u01b0\u1ee1ng m\u1ed9t c\u00e1ch to\u00e0n di\u1ec7n, b\u1ea3o \u0111\u1ea3m c\u00e1 ph\u00e1t tri\u1ec3n nhanh, m\u1ea1nh kh\u1ecfe, r\u00fat ng\u1eafn chu k\u1ef3 nu\u00f4i.<\/li>\n<li>S\u1eed d\u1ee5ng c\u00f4ng ngh\u1ec7 nghi\u1ec1n b\u1ed9t ti\u00ean ti\u1ebfn tr\u00ean th\u1ebf gi\u1edbi \u0111\u1ec3 s\u1ea3n xu\u1ea5t ra s\u1ea3n ph\u1ea9m t\u1ef7 l\u1ec7 h\u1ea5p thu cao.<\/li>\n<li>H\u1ec7 s\u1ed1 chuy\u1ec3n h\u00f3a th\u1ee9c \u0103n t\u1ed1i \u01b0u, hi\u1ec7u qu\u1ea3 nu\u00f4i tr\u1ed3ng cao.<\/li>\n<\/ul>\n","protected":false},"featured_media":2645,"comment_status":"closed","ping_status":"closed","template":"","meta":[],"product_cat":[54,34,40,105],"product_tag":[96],"class_list":{"0":"post-2644","1":"product","2":"type-product","3":"status-publish","4":"has-post-thumbnail","6":"product_cat-tat-ca-san-pham","7":"product_cat-thuc-an","8":"product_cat-thuc-an-ca","9":"product_cat-thuc-an-ca-bien","10":"product_tag-thucanca","12":"first","13":"instock","14":"shipping-taxable","15":"product-type-simple"},"_links":{"self":[{"href":"https:\/\/www.newhopevinhlong.com\/en\/wp-json\/wp\/v2\/product\/2644"}],"collection":[{"href":"https:\/\/www.newhopevinhlong.com\/en\/wp-json\/wp\/v2\/product"}],"about":[{"href":"https:\/\/www.newhopevinhlong.com\/en\/wp-json\/wp\/v2\/types\/product"}],"replies":[{"embeddable":true,"href":"https:\/\/www.newhopevinhlong.com\/en\/wp-json\/wp\/v2\/comments?post=2644"}],"wp:featuredmedia":[{"embeddable":true,"href":"https:\/\/www.newhopevinhlong.com\/en\/wp-json\/wp\/v2\/media\/2645"}],"wp:attachment":[{"href":"https:\/\/www.newhopevinhlong.com\/en\/wp-json\/wp\/v2\/media?parent=2644"}],"wp:term":[{"taxonomy":"product_cat","embeddable":true,"href":"https:\/\/www.newhopevinhlong.com\/en\/wp-json\/wp\/v2\/product_cat?post=2644"},{"taxonomy":"product_tag","embeddable":true,"href":"https:\/\/www.newhopevinhlong.com\/en\/wp-json\/wp\/v2\/product_tag?post=2644"}],"curies":[{"name":"wp","href":"https:\/\/api.w.org\/{rel}","templated":true}]}}