{"id":2510,"date":"2026-01-09T17:59:20","date_gmt":"2026-01-09T10:59:20","guid":{"rendered":"https:\/\/newhopevinhlong.com\/?post_type=product&#038;p=2510"},"modified":"2026-01-09T18:06:08","modified_gmt":"2026-01-09T11:06:08","slug":"che-pham-len-men-men-cahope","status":"publish","type":"product","link":"https:\/\/www.newhopevinhlong.com\/en\/product\/che-pham-len-men-men-cahope\/","title":{"rendered":"Ch\u1ebf ph\u1ea9m l\u00ean men &#8211; Men CaHope"},"content":{"rendered":"<p><img loading=\"lazy\" decoding=\"async\" class=\"alignnone size-full wp-image-2506\" src=\"https:\/\/newhopevinhlong.com\/wp-content\/uploads\/2026\/01\/1.png\" alt=\"\" width=\"2000\" height=\"1414\" srcset=\"https:\/\/www.newhopevinhlong.com\/wp-content\/uploads\/2026\/01\/1.png 2000w, https:\/\/www.newhopevinhlong.com\/wp-content\/uploads\/2026\/01\/1-1536x1086.png 1536w, https:\/\/www.newhopevinhlong.com\/wp-content\/uploads\/2026\/01\/1-200x141.png 200w, https:\/\/www.newhopevinhlong.com\/wp-content\/uploads\/2026\/01\/1-600x424.png 600w\" sizes=\"(max-width: 2000px) 100vw, 2000px\" \/><\/p>\n<p><img loading=\"lazy\" decoding=\"async\" class=\"alignnone size-full wp-image-2508\" src=\"https:\/\/newhopevinhlong.com\/wp-content\/uploads\/2026\/01\/2.png\" alt=\"\" width=\"2000\" height=\"1414\" srcset=\"https:\/\/www.newhopevinhlong.com\/wp-content\/uploads\/2026\/01\/2.png 2000w, https:\/\/www.newhopevinhlong.com\/wp-content\/uploads\/2026\/01\/2-1536x1086.png 1536w, https:\/\/www.newhopevinhlong.com\/wp-content\/uploads\/2026\/01\/2-200x141.png 200w, https:\/\/www.newhopevinhlong.com\/wp-content\/uploads\/2026\/01\/2-600x424.png 600w\" sizes=\"(max-width: 2000px) 100vw, 2000px\" \/><\/p>\n","protected":false},"excerpt":{"rendered":"<p>Th\u1ee9c \u0103n l\u00ean men l\u00e0 s\u1ea3n ph\u1ea9m \u0111\u01b0\u1ee3c t\u1ea1o ra b\u1eb1ng c\u00e1ch l\u00ean men k\u1ebft h\u1ee3p vi sinh v\u1eadt, enzyme v\u00e0 c\u00e1c ch\u1ea5t ph\u1ee5 gia ch\u1ee9c n\u0103ng. M\u1ee5c ti\u00eau cu\u1ed1i c\u00f9ng c\u1ee7a n\u00f3 l\u00e0 <b>cung c\u1ea5p enzyme v\u00e0 men vi sinh<\/b> m\u1ed9t c\u00e1ch hi\u1ec7u qu\u1ea3 v\u00e0o \u0111\u01b0\u1eddng ru\u1ed9t c\u1ee7a \u0111\u1ed9ng v\u1eadt th\u1ee7y s\u1ea3n. N\u00f3 c\u0169ng c\u00f3 th\u1ec3 c\u1ea3i thi\u1ec7n kh\u1ea3 n\u0103ng s\u1eed d\u1ee5ng th\u1ee9c \u0103n, gi\u1ea3m c\u00e1c y\u1ebfu t\u1ed1 kh\u00e1ng dinh d\u01b0\u1ee1ng, b\u1ea3o v\u1ec7 s\u1ee9c kh\u1ecfe \u0111\u01b0\u1eddng ru\u1ed9t v\u00e0 gan, t\u0103ng c\u01b0\u1eddng mi\u1ec5n d\u1ecbch v\u00e0 t\u0103ng t\u1ef7 l\u1ec7 s\u1ed1ng.<\/p>\n","protected":false},"featured_media":2513,"comment_status":"closed","ping_status":"closed","template":"","meta":[],"product_cat":[104,54,34],"product_tag":[],"class_list":{"0":"post-2510","1":"product","2":"type-product","3":"status-publish","4":"has-post-thumbnail","6":"product_cat-che-pham-len-men","7":"product_cat-tat-ca-san-pham","8":"product_cat-thuc-an","10":"first","11":"instock","12":"shipping-taxable","13":"product-type-simple"},"_links":{"self":[{"href":"https:\/\/www.newhopevinhlong.com\/en\/wp-json\/wp\/v2\/product\/2510"}],"collection":[{"href":"https:\/\/www.newhopevinhlong.com\/en\/wp-json\/wp\/v2\/product"}],"about":[{"href":"https:\/\/www.newhopevinhlong.com\/en\/wp-json\/wp\/v2\/types\/product"}],"replies":[{"embeddable":true,"href":"https:\/\/www.newhopevinhlong.com\/en\/wp-json\/wp\/v2\/comments?post=2510"}],"wp:featuredmedia":[{"embeddable":true,"href":"https:\/\/www.newhopevinhlong.com\/en\/wp-json\/wp\/v2\/media\/2513"}],"wp:attachment":[{"href":"https:\/\/www.newhopevinhlong.com\/en\/wp-json\/wp\/v2\/media?parent=2510"}],"wp:term":[{"taxonomy":"product_cat","embeddable":true,"href":"https:\/\/www.newhopevinhlong.com\/en\/wp-json\/wp\/v2\/product_cat?post=2510"},{"taxonomy":"product_tag","embeddable":true,"href":"https:\/\/www.newhopevinhlong.com\/en\/wp-json\/wp\/v2\/product_tag?post=2510"}],"curies":[{"name":"wp","href":"https:\/\/api.w.org\/{rel}","templated":true}]}}