{"id":2147,"date":"2025-07-18T10:39:00","date_gmt":"2025-07-18T03:39:00","guid":{"rendered":"https:\/\/newhopevinhlong.com\/?post_type=product&#038;p=2147"},"modified":"2025-07-18T10:39:01","modified_gmt":"2025-07-18T03:39:01","slug":"nitro-pro","status":"publish","type":"product","link":"https:\/\/www.newhopevinhlong.com\/en\/product\/nitro-pro\/","title":{"rendered":"NITRO PRO"},"content":{"rendered":"<p><strong>CH\u1ec8 TI\u00caU CH\u1ea4T L\u01af\u1ee2NG<\/strong><\/p>\n<p>Bacillus subtilis (min)&#8230;&#8230;&#8230;&#8230;&#8230;&#8230;&#8230;&#8230;&#8230;&#8230;&#8230;&#8230;2&#215;10\u00b9\u00b9 CFU\/kg<\/p>\n<p>Ch\u1ea5t mang (b\u1ed9t talc) v\u1eeba \u0111\u1ee7&#8230;&#8230;&#8230;&#8230;&#8230;&#8230;&#8230;&#8230;1.000 g<\/p>\n<p><strong>NGUY\u00caN LI\u1ec6U CH\u00cdNH<\/strong><\/p>\n<p>Bacillus subtilis.<\/p>\n<p><strong>B\u1ea2N CH\u1ea4T V\u00c0 C\u00d4NG D\u1ee4NG<\/strong><\/p>\n<p>Cung c\u1ea5p vi sinh c\u00f3 l\u1ee3i ho\u1ea1t l\u1ef1c m\u1ea1nh, ph\u00e2n gi\u1ea3i &#8211; ph\u00e2n h\u1ee7y c\u00e1c ch\u1ea5t th\u1ea3u h\u1eefu c\u01a1 trong n\u01b0\u1edbc &#8211; \u0111\u00e1y ao nu\u00f4i:<\/p>\n<ul>\n<li>Gi\u00fap h\u1ea1n ch\u1ebf t\u1ea3o ph\u00e1t tri\u1ec3n qu\u00e1 m\u1ee9c &#8211; duy tr\u00ec m\u00e0u n\u01b0\u1edbc.<\/li>\n<li>Gi\u00fap gi\u1ea3m c\u00e1c kh\u00ed \u0111\u1ed9c h\u00f2a tan trong n\u01b0\u1edbc ao, \u0111\u1eb7c bi\u1ec7t NO2<\/li>\n<\/ul>\n<p><strong>H\u01af\u1edaNG D\u1eaaN S\u1eec D\u1ee4NG<\/strong><\/p>\n<p>R\u1ea3i s\u1ea3n ph\u1ea9m v\u00e0o khu v\u1ef1c nhi\u1ec1u \u00f4 nhi\u1ec5m ho\u1eb7c r\u1ea3i \u0111\u1ec1u kh\u1eafp ao nu\u00f4i. T\u00f9y th\u1ef1c t\u1ebf ao v\u00e0 th\u00e1ng tu\u1ed5i t\u00f4m nu\u00f4i. Th\u00f4ng th\u01b0\u1eddng:<\/p>\n<ul>\n<li>Th\u00e1ng th\u1ee9 nh\u1ea5t, s\u1eed d\u1ee5ng th\u01b0\u1eddng xuy\u00ean: 1 kg\/5.000 &#8211; 6.000 m\u00b3<\/li>\n<li>Th\u00e1ng th\u1ee9 hai, s\u1eed d\u1ee5ng 10 ng\u00e0y\/l\u1ea7n: 1 kg\/4.000 &#8211; 5.000 m\u00b3<\/li>\n<li>Th\u1eafng th\u1ee9 ba, s\u1eed d\u1ee5ng 7 ng\u00e0y\/l\u1ea7n, 1 kg\/3.000 &#8211; 4.000 m\u00b3<\/li>\n<li>Th\u00e1ng th\u1ee9 t\u01b0, s\u1eed d\u1ee5ng 7 ng\u00e0y\/l\u1ea7n, 1 kg\/2.500 &#8211; 3.000 m\u00b3<\/li>\n<\/ul>\n<p><strong>L\u01b0u \u00fd:<\/strong><\/p>\n<ul>\n<li>N\u00ean ki\u1ec3m tra \u0111\u1ecbnh k\u1ef3 NO2 trong ao nu\u00f4i \u0111\u1ec3 c\u00f3 l\u1ecbch x\u1eed l\u00fd h\u1ee3p l\u00fd v\u00e0 hi\u1ec7u qu\u1ea3 cao nh\u1ea5t.<\/li>\n<li>T\u0103ng c\u01b0\u1eddng qu\u1ea1t n\u01b0\u1edbc trong su\u1ed1t qu\u00e1 tr\u00ecnh s\u1eed d\u1ee5ng.<\/li>\n<li>Kh\u00f4ng s\u1eed d\u1ee5ng c\u00f9ng l\u00fac v\u1edbi thu\u1ed1c s\u00e1t tr\u00f9ng.<\/li>\n<\/ul>\n<p><em>* Th\u1eddi gian ng\u01b0ng s\u1eed d\u1ee5ng tr\u01b0\u1edbc khi thu ho\u1ea1ch: kh\u00f4ng.<\/em><\/p>\n","protected":false},"excerpt":{"rendered":"<p>L\u1ef1a ch\u1ecdn s\u1ed1 1 x\u1eed l\u00fd NO2<\/p>\n","protected":false},"featured_media":2148,"comment_status":"closed","ping_status":"closed","template":"","meta":[],"product_cat":[53,54,42],"product_tag":[],"class_list":{"0":"post-2147","1":"product","2":"type-product","3":"status-publish","4":"has-post-thumbnail","6":"product_cat-san-pham-bo-sung-vao-moi-truong-nuoi","7":"product_cat-tat-ca-san-pham","8":"product_cat-thuoc-thuy-san","10":"first","11":"instock","12":"shipping-taxable","13":"product-type-simple"},"_links":{"self":[{"href":"https:\/\/www.newhopevinhlong.com\/en\/wp-json\/wp\/v2\/product\/2147"}],"collection":[{"href":"https:\/\/www.newhopevinhlong.com\/en\/wp-json\/wp\/v2\/product"}],"about":[{"href":"https:\/\/www.newhopevinhlong.com\/en\/wp-json\/wp\/v2\/types\/product"}],"replies":[{"embeddable":true,"href":"https:\/\/www.newhopevinhlong.com\/en\/wp-json\/wp\/v2\/comments?post=2147"}],"wp:featuredmedia":[{"embeddable":true,"href":"https:\/\/www.newhopevinhlong.com\/en\/wp-json\/wp\/v2\/media\/2148"}],"wp:attachment":[{"href":"https:\/\/www.newhopevinhlong.com\/en\/wp-json\/wp\/v2\/media?parent=2147"}],"wp:term":[{"taxonomy":"product_cat","embeddable":true,"href":"https:\/\/www.newhopevinhlong.com\/en\/wp-json\/wp\/v2\/product_cat?post=2147"},{"taxonomy":"product_tag","embeddable":true,"href":"https:\/\/www.newhopevinhlong.com\/en\/wp-json\/wp\/v2\/product_tag?post=2147"}],"curies":[{"name":"wp","href":"https:\/\/api.w.org\/{rel}","templated":true}]}}