{"id":2144,"date":"2025-07-18T09:39:33","date_gmt":"2025-07-18T02:39:33","guid":{"rendered":"https:\/\/newhopevinhlong.com\/?post_type=product&#038;p=2144"},"modified":"2025-07-18T13:10:59","modified_gmt":"2025-07-18T06:10:59","slug":"min-pro","status":"publish","type":"product","link":"https:\/\/www.newhopevinhlong.com\/en\/product\/min-pro\/","title":{"rendered":"MIN. PRO"},"content":{"rendered":"<p><strong>CH\u1ec8 TI\u00caU CH\u1ea4T L\u01af\u1ee2NG<\/strong><\/p>\n<p>Ca (trong Monocalcium phosphate) (min)&#8230;&#8230;&#8230;&#8230;&#8230;&#8230;&#8230;&#8230;&#8230;&#8230;&#8230;&#8230;&#8230;&#8230;&#8230;&#8230;.16.000 mg<\/p>\n<p>P (trong Phosphonus pentoxide) (min)&#8230;&#8230;&#8230;&#8230;&#8230;&#8230;&#8230;&#8230;&#8230;&#8230;&#8230;&#8230;&#8230;&#8230;&#8230;&#8230;&#8230;&#8230;12.000 mg<\/p>\n<p>Mg (trong Magnesium sulfate( (min)&#8230;&#8230;&#8230;&#8230;&#8230;&#8230;&#8230;&#8230;&#8230;&#8230;&#8230;&#8230;&#8230;&#8230;&#8230;&#8230;&#8230;&#8230;&#8230;.22.000 mg<\/p>\n<p>Na (trong Sodium bicarbonate) (min)&#8230;&#8230;&#8230;&#8230;&#8230;&#8230;&#8230;&#8230;&#8230;&#8230;&#8230;&#8230;&#8230;&#8230;&#8230;&#8230;&#8230;&#8230;..20.000 mg<\/p>\n<p>K (trong Potassium oxide) (min)&#8230;&#8230;&#8230;&#8230;&#8230;&#8230;&#8230;&#8230;&#8230;&#8230;&#8230;&#8230;&#8230;&#8230;&#8230;&#8230;&#8230;&#8230;&#8230;&#8230;&#8230;&#8230;.5.000 mg<\/p>\n<p>Ch\u1ea5t mang (Calcium cabonate) v\u1eeba \u0111\u1ee7&#8230;&#8230;&#8230;&#8230;&#8230;&#8230;&#8230;&#8230;&#8230;&#8230;&#8230;&#8230;&#8230;&#8230;&#8230;&#8230;&#8230;&#8230;.1.000 g<\/p>\n<p><strong>NGUY\u00caN LI\u1ec6U CH\u00cdNH<\/strong><\/p>\n<p>Ca (trong Monocalcium Phosphate), P (trong Phosphonus Pentoxide), Mg (trong Magnesium sulfate), Na (trong Sodium bicarbonate), K (trong Potassium oxide)<\/p>\n<p><strong>B\u1ea2N CH\u1ea4T V\u00c0 C\u00d4NG D\u1ee4NG<\/strong><\/p>\n<ul>\n<li><strong>MIN. PRO<\/strong> cung c\u1ea5p kho\u00e1ng ch\u1ea5t c\u1ea7n thi\u1ebft cho nhu c\u1ea7u l\u1ed9t x\u00e1c, t\u1ea1o v\u1ecf.<\/li>\n<li>Gi\u00fap c\u00e2n b\u1eb1ng c\u00e1c kho\u00e1ng ch\u1ea5t trong m\u00f4i tr\u01b0\u1eddng n\u01b0\u1edbc ao nu\u00f4i, duy tr\u00ec m\u00e0u n\u01b0\u1edbc \u1ed5n \u0111\u1ecbnh, h\u1ea1n ch\u1ebf hi\u1ec7n t\u01b0\u1ee3ng m\u1ea5t t\u1ea3o khi m\u00f4i tr\u01b0\u1eddng thay \u0111\u1ed5i.<\/li>\n<\/ul>\n<p><strong>H\u01af\u1edaNG D\u1eaaN S\u1eec D\u1ee4NG<\/strong><\/p>\n<p>H\u00f2a n\u01b0\u1edbc t\u1ea1t tr\u1ef1c ti\u1ebfp xu\u1ed1ng ao. \u0110\u1ecbnh k\u1ef3 s\u1eed d\u1ee5ng 5 ng\u00e0y\/l\u1ea7n.<\/p>\n<ul>\n<li>Gi\u00fap t\u00f4m l\u1ed9t v\u1ecf: 0,5 &#8211; 1 kg\/1.000 m\u00b3 n\u01b0\u1edbc.<\/li>\n<li>Khi t\u00f4m m\u1ec1m v\u1ecf: 1 &#8211; 1,5 kg\/1.000 m\u00b3 n\u01b0\u1edbc.<\/li>\n<li>D\u00f9ng tr\u01b0\u1edbc khi thu ho\u1ea1ch 7 &#8211; 10 ng\u00e0y: 1 &#8211; 2 kg\/1.000 m\u00b3 n\u01b0\u1edbc gi\u00fap t\u00f4m b\u00f3ng v\u1ecf, n\u1eb7ng c\u00e2n.<\/li>\n<\/ul>\n<p><em>* Th\u1eddi gian ng\u01b0ng s\u1eed d\u1ee5ng tr\u01b0\u1edbc khi thu ho\u1ea1ch: kh\u00f4ng.<\/em><\/p>\n","protected":false},"excerpt":{"rendered":"<p>L\u1ed9t x\u00e1c m\u1ea1nh &#8211; C\u1ee9ng v\u1ecf nhanh<\/p>\n","protected":false},"featured_media":2145,"comment_status":"closed","ping_status":"closed","template":"","meta":[],"product_cat":[53,54,42],"product_tag":[],"class_list":{"0":"post-2144","1":"product","2":"type-product","3":"status-publish","4":"has-post-thumbnail","6":"product_cat-san-pham-bo-sung-vao-moi-truong-nuoi","7":"product_cat-tat-ca-san-pham","8":"product_cat-thuoc-thuy-san","10":"first","11":"instock","12":"shipping-taxable","13":"product-type-simple"},"_links":{"self":[{"href":"https:\/\/www.newhopevinhlong.com\/en\/wp-json\/wp\/v2\/product\/2144"}],"collection":[{"href":"https:\/\/www.newhopevinhlong.com\/en\/wp-json\/wp\/v2\/product"}],"about":[{"href":"https:\/\/www.newhopevinhlong.com\/en\/wp-json\/wp\/v2\/types\/product"}],"replies":[{"embeddable":true,"href":"https:\/\/www.newhopevinhlong.com\/en\/wp-json\/wp\/v2\/comments?post=2144"}],"wp:featuredmedia":[{"embeddable":true,"href":"https:\/\/www.newhopevinhlong.com\/en\/wp-json\/wp\/v2\/media\/2145"}],"wp:attachment":[{"href":"https:\/\/www.newhopevinhlong.com\/en\/wp-json\/wp\/v2\/media?parent=2144"}],"wp:term":[{"taxonomy":"product_cat","embeddable":true,"href":"https:\/\/www.newhopevinhlong.com\/en\/wp-json\/wp\/v2\/product_cat?post=2144"},{"taxonomy":"product_tag","embeddable":true,"href":"https:\/\/www.newhopevinhlong.com\/en\/wp-json\/wp\/v2\/product_tag?post=2144"}],"curies":[{"name":"wp","href":"https:\/\/api.w.org\/{rel}","templated":true}]}}