{"id":2141,"date":"2025-07-18T09:15:05","date_gmt":"2025-07-18T02:15:05","guid":{"rendered":"https:\/\/newhopevinhlong.com\/?post_type=product&#038;p=2141"},"modified":"2025-07-18T09:15:06","modified_gmt":"2025-07-18T02:15:06","slug":"iod-pro","status":"publish","type":"product","link":"https:\/\/www.newhopevinhlong.com\/en\/product\/iod-pro\/","title":{"rendered":"IOD PRO"},"content":{"rendered":"<p><strong>CH\u1ec8 TI\u00caU CH\u1ea4T L\u01af\u1ee2NG<\/strong><\/p>\n<p>Complex iodine (min)&#8230;&#8230;&#8230;&#8230;&#8230;&#8230;&#8230;&#8230;&#8230;&#8230;&#8230;.15%<\/p>\n<p>Dung m\u00f4i (n\u01b0\u1edbc c\u1ea5t) v\u1eeba \u0111\u1ee7&#8230;&#8230;&#8230;&#8230;&#8230;&#8230;&#8230;..1.000 ml<\/p>\n<p><strong>NGUY\u00caN LI\u1ec6U CH\u00cdNH<\/strong><\/p>\n<p>Complex iodine.<\/p>\n<p><strong>B\u1ea2N CH\u1ea4T V\u00c0 C\u00d4NG D\u1ee4NG<\/strong><\/p>\n<ul>\n<li>Di\u1ec7t khu\u1ea9n, nguy\u00ean sinh \u0111\u1ed9ng v\u1eadt trong n\u01b0\u1edbc ao nu\u00f4i.<\/li>\n<li>S\u00e1t tr\u00f9ng d\u1ee5ng c\u1ee5 nu\u00f4i t\u00f4m c\u00e1.<\/li>\n<\/ul>\n<p><strong>H\u01af\u1edaNG D\u1eaaN S\u1eec D\u1ee4NG<\/strong><\/p>\n<p>Pha <strong>IOD PRO<\/strong> v\u1edbi m\u1ed9t l\u01b0\u1ee3ng n\u01b0\u1edbc v\u1eeba \u0111\u1ee7 v\u00e0 t\u1ea1t \u0111\u1ec1u kh\u1eafp ao.<\/p>\n<p><strong>Li\u1ec1u ph\u00f2ng:<\/strong><\/p>\n<ul>\n<li>Th\u00e1ng \u0111\u1ea7u ti\u00ean v\u00e0 th\u00e1ng th\u1ee9 hai: s\u1eed d\u1ee5ng 7 ng\u00e0y\/ l\u1ea7n, v\u1edbi li\u1ec1u 1 l\u00edt\/6.000 m\u00b3 n\u01b0\u1edbc.<\/li>\n<li>Th\u00e1ng th\u1ee9 ba v\u00e0 th\u00e1ng th\u1ee9 t\u01b0: s\u1eed d\u1ee5ng 10 ng\u00e0y\/ l\u1ea7n, v\u1edbi li\u1ec1u 1 l\u00edt\/4.000 m\u00b3\u00a0m\u01b0\u1edbc.<\/li>\n<\/ul>\n<p><strong>Li\u1ec1u di\u1ec7t m\u1ea7m b\u1ec7nh:<\/strong> 1 l\u00edt <strong>IOD PRO<\/strong> cho 3.000 m\u00b3 n\u01b0\u1edbc.<\/p>\n<p><strong>L\u01b0u \u00fd:<\/strong><\/p>\n<ul>\n<li>N\u00ean t\u1ea1t s\u1ea3n ph\u1ea9m v\u00e0o l\u00fac s\u00e1ng s\u1edbm ho\u1eb7c chi\u1ec1u m\u00e1t.<\/li>\n<li>Sau khi t\u1ea1t <strong>IOD PRO<\/strong>, 12 &#8211; 24 gi\u1edd sau m\u1edbi t\u1ea1t c\u1ea5y vi sinh <strong>PROBAC<\/strong>.<\/li>\n<\/ul>\n<p><em>* Th\u1eddi gian ng\u01b0ng s\u1eed d\u1ee5ng tr\u01b0\u1edbc khi thu ho\u1ea1ch: kh\u00f4ng.<\/em><\/p>\n","protected":false},"excerpt":{"rendered":"<p>S\u00e1t khu\u1ea9n hi\u1ec7u qu\u1ea3 &#8211; An to\u00e0n t\u00f4m c\u00e1<\/p>\n","protected":false},"featured_media":2142,"comment_status":"closed","ping_status":"closed","template":"","meta":[],"product_cat":[53,54,42],"product_tag":[103,100],"class_list":{"0":"post-2141","1":"product","2":"type-product","3":"status-publish","4":"has-post-thumbnail","6":"product_cat-san-pham-bo-sung-vao-moi-truong-nuoi","7":"product_cat-tat-ca-san-pham","8":"product_cat-thuoc-thuy-san","9":"product_tag-iodpro","10":"product_tag-thuocthuysan","12":"first","13":"instock","14":"shipping-taxable","15":"product-type-simple"},"_links":{"self":[{"href":"https:\/\/www.newhopevinhlong.com\/en\/wp-json\/wp\/v2\/product\/2141"}],"collection":[{"href":"https:\/\/www.newhopevinhlong.com\/en\/wp-json\/wp\/v2\/product"}],"about":[{"href":"https:\/\/www.newhopevinhlong.com\/en\/wp-json\/wp\/v2\/types\/product"}],"replies":[{"embeddable":true,"href":"https:\/\/www.newhopevinhlong.com\/en\/wp-json\/wp\/v2\/comments?post=2141"}],"wp:featuredmedia":[{"embeddable":true,"href":"https:\/\/www.newhopevinhlong.com\/en\/wp-json\/wp\/v2\/media\/2142"}],"wp:attachment":[{"href":"https:\/\/www.newhopevinhlong.com\/en\/wp-json\/wp\/v2\/media?parent=2141"}],"wp:term":[{"taxonomy":"product_cat","embeddable":true,"href":"https:\/\/www.newhopevinhlong.com\/en\/wp-json\/wp\/v2\/product_cat?post=2141"},{"taxonomy":"product_tag","embeddable":true,"href":"https:\/\/www.newhopevinhlong.com\/en\/wp-json\/wp\/v2\/product_tag?post=2141"}],"curies":[{"name":"wp","href":"https:\/\/api.w.org\/{rel}","templated":true}]}}