{"id":2140,"date":"2025-07-17T16:43:30","date_gmt":"2025-07-17T09:43:30","guid":{"rendered":"https:\/\/newhopevinhlong.com\/?post_type=product&#038;p=2140"},"modified":"2025-07-18T13:09:08","modified_gmt":"2025-07-18T06:09:08","slug":"probac","status":"publish","type":"product","link":"https:\/\/www.newhopevinhlong.com\/en\/product\/probac\/","title":{"rendered":"PROBAC"},"content":{"rendered":"<p><strong>CH\u1ec8 TI\u00caU CH\u1ea4T L\u01af\u1ee2NG<\/strong><\/p>\n<p>Bacillus spp. (g\u1ed3m: Bacillus subtilis, Bacillus licheniformis, Bacillis megaterium, Bacillus pumilus) (min)&#8230;..4&#215;10\u00b9\u00b9 CFU<\/p>\n<p>Ch\u1ea5t mang (Dextrose) v\u1eeba \u0111\u1ee7&#8230;&#8230;&#8230;&#8230;&#8230;&#8230;&#8230;&#8230;&#8230;&#8230;&#8230;&#8230;&#8230;&#8230;&#8230;&#8230;&#8230;&#8230;&#8230;&#8230;&#8230;&#8230;&#8230;&#8230;&#8230;&#8230;&#8230;&#8230;&#8230;&#8230;&#8230;&#8230;&#8230;&#8230;&#8230;&#8230;&#8230;&#8230;&#8230;&#8230;&#8230;&#8230;&#8230;&#8230;1.000 gr<\/p>\n<p><strong>NGUY\u00caN LI\u1ec6U CH\u00cdNH<\/strong><\/p>\n<p>Bacillus spp. (g\u1ed3m Bacillus subtilis, Bacillus licheniformis, Bacillis megaterium, Bacillus pumilus).<\/p>\n<p><strong>B\u1ea2N CH\u1ea4T V\u00c0 C\u00d4NG D\u1ee4NG<\/strong><\/p>\n<p>PROBAC ch\u1ee9a t\u1ed5 h\u1ee3p vi sinh &#8220;M\u1eadt \u0111\u1ed9 cao &#8211; Ho\u1ea1t l\u1ef1c m\u1ea1nh &#8211; T\u0103ng sinh m\u1ea1nh&#8221;, gi\u00fap:<\/p>\n<ul>\n<li>Ph\u00e2n h\u1ee7y c\u00e1c ch\u1ea5t th\u1ea3i trong n\u01b0\u1edbc v\u00e0 \u0111\u00e1y ao.<\/li>\n<li>H\u1ea1n ch\u1ebf t\u1ed1i \u0111a s\u1ef1 s\u1ea3n sinh c\u00e1c kh\u00ed \u0111\u1ed9c trong ao nu\u00f4i.<\/li>\n<li>GI\u00fap ch\u1ea5t l\u01b0\u1ee3ng n\u01b0\u1edbc &#8211; \u0111\u00e1y ao, t\u1ea3o \u0111\u1ea1t m\u1ee9c t\u1ed1i \u01b0u<\/li>\n<\/ul>\n<p><strong>H\u01af\u1edaNG D\u1eaaN S\u1eec D\u1ee4NG<\/strong><\/p>\n<ul>\n<li><strong>\u0110\u1ecbnh k\u1ef3 7 ng\u00e0y\/l\u1ea7n su\u1ed1t v\u1ee5 nu\u00f4i:<\/strong> T\u00f9y v\u00e0o m\u1eadt \u0111\u1ed9 nu\u00f4i &#8211; tu\u1ed5i t\u00f4m &#8211; s\u1ef1 qu\u1ea3n l\u00fd th\u1ee9c \u0103n m\u00e0 t\u0103ng gi\u1ea3m li\u1ec1u d\u00f9ng cho h\u1ee3p l\u00fd nh\u1ea5t: Ao 1.000 m\u00b2 m\u1ef1c n\u01b0\u1edbc 1,3 m, m\u1eadt \u0111\u1ed9 90 &#8211; 100 con\/m\u00b2.\n<ul>\n<li>Th\u00e1ng nu\u00f4i th\u1ee9 nh\u1ea5t, s\u1eed d\u1ee5ng 7 ng\u00e0y\/l\u1ea7n: 40g &#8211; 50g &#8211; 60g.<\/li>\n<li>Th\u00e1ng nu\u00f4i th\u1ee9 hai, s\u1eed d\u1ee5ng 5 ng\u00e0y\/l\u1ea7n: 60g &#8211; 70g &#8211; 80g.<\/li>\n<li>Th\u00e1ng nu\u00f4i th\u1ee9 ba, s\u1eed d\u1ee5ng 3 ng\u00e0y\/l\u1ea7n: 80g &#8211; 90g &#8211; 100g.<\/li>\n<li>Th\u00e1ng nu\u00f4i th\u1ee9 t\u01b0, s\u1eed d\u1ee5ng 2 ng\u00e0y\/l\u1ea7n: 100g &#8211; 110g &#8211; 120g.<\/li>\n<\/ul>\n<\/li>\n<li><strong>X\u1eed l\u00fd &#8211; c\u1ea3i thi\u1ec7n ch\u1ea5t l\u01b0\u1ee3ng n\u01b0\u1edbc, \u0111\u00e1y ao &#8211; m\u00e0u n\u01b0\u1edbc (t\u1ea3o):<\/strong>\n<ul>\n<li>T\u0103ng g\u1ea5p 2 l\u1ea7n li\u1ec1u c\u1ee7a tu\u1ed5i t\u00f4m v\u00e0 m\u1eadt \u0111\u1ed9 nu\u00f4i nh\u01b0 tr\u00ean.<\/li>\n<li>T\u0103ng x\u1eed l\u00fd li\u00ean t\u1ee5c 2 &#8211; 3 k\u1ef3.<\/li>\n<li>K\u1ebft h\u1ee3p gi\u1ea3m 5 &#8211; 10% l\u01b0\u1ee3ng th\u1ee9c \u0103n trong 7 ng\u00e0y.<\/li>\n<\/ul>\n<\/li>\n<\/ul>\n<p><em><strong>L\u01b0u \u00fd:<\/strong><\/em> Ao c\u00f3 h\u1ec7 th\u1ed1ng siphon t\u1ef1 \u0111\u1ed9ng: c\u00f3 th\u1ec3 gi\u1ea3m 50% li\u1ec1u d\u00f9ng.<\/p>\n<p><em>* Th\u1eddi gian ng\u01b0ng s\u1eed d\u1ee5ng tr\u01b0\u1edbc khi thu ho\u1ea1ch: kh\u00f4ng.<\/em><\/p>\n","protected":false},"excerpt":{"rendered":"<p>N\u01b0\u1edbc s\u1ea1ch &#8211; T\u00f4m kh\u1ecfe<\/p>\n","protected":false},"featured_media":2154,"comment_status":"closed","ping_status":"closed","template":"","meta":[],"product_cat":[53,54,42],"product_tag":[],"class_list":{"0":"post-2140","1":"product","2":"type-product","3":"status-publish","4":"has-post-thumbnail","6":"product_cat-san-pham-bo-sung-vao-moi-truong-nuoi","7":"product_cat-tat-ca-san-pham","8":"product_cat-thuoc-thuy-san","10":"first","11":"instock","12":"shipping-taxable","13":"product-type-simple"},"_links":{"self":[{"href":"https:\/\/www.newhopevinhlong.com\/en\/wp-json\/wp\/v2\/product\/2140"}],"collection":[{"href":"https:\/\/www.newhopevinhlong.com\/en\/wp-json\/wp\/v2\/product"}],"about":[{"href":"https:\/\/www.newhopevinhlong.com\/en\/wp-json\/wp\/v2\/types\/product"}],"replies":[{"embeddable":true,"href":"https:\/\/www.newhopevinhlong.com\/en\/wp-json\/wp\/v2\/comments?post=2140"}],"wp:featuredmedia":[{"embeddable":true,"href":"https:\/\/www.newhopevinhlong.com\/en\/wp-json\/wp\/v2\/media\/2154"}],"wp:attachment":[{"href":"https:\/\/www.newhopevinhlong.com\/en\/wp-json\/wp\/v2\/media?parent=2140"}],"wp:term":[{"taxonomy":"product_cat","embeddable":true,"href":"https:\/\/www.newhopevinhlong.com\/en\/wp-json\/wp\/v2\/product_cat?post=2140"},{"taxonomy":"product_tag","embeddable":true,"href":"https:\/\/www.newhopevinhlong.com\/en\/wp-json\/wp\/v2\/product_tag?post=2140"}],"curies":[{"name":"wp","href":"https:\/\/api.w.org\/{rel}","templated":true}]}}