{"id":2137,"date":"2025-07-17T14:24:27","date_gmt":"2025-07-17T07:24:27","guid":{"rendered":"https:\/\/newhopevinhlong.com\/?post_type=product&#038;p=2137"},"modified":"2025-07-17T14:24:28","modified_gmt":"2025-07-17T07:24:28","slug":"gut-elixir-pro","status":"publish","type":"product","link":"https:\/\/www.newhopevinhlong.com\/en\/product\/gut-elixir-pro\/","title":{"rendered":"GUT ELIXIR PRO"},"content":{"rendered":"<p><strong>CH\u1ec8 TI\u00caU CH\u1ea4T L\u01af\u1ee2NG<\/strong><\/p>\n<p>Protease (min)&#8230;&#8230;&#8230;&#8230;&#8230;&#8230;&#8230;&#8230;&#8230;&#8230;&#8230;&#8230;&#8230;&#8230;&#8230;&#8230;..500.000 IU<\/p>\n<p>Bacillus subtilis (min)&#8230;&#8230;&#8230;&#8230;&#8230;&#8230;&#8230;&#8230;&#8230;&#8230;&#8230;&#8230;&#8230;10\u00b9\u00b9 CFU<\/p>\n<p>Ch\u1ea5t mang (dextrose) v\u1eeba \u0111\u1ee7&#8230;&#8230;&#8230;&#8230;&#8230;&#8230;&#8230;&#8230;.1 kg<\/p>\n<p><strong>NGUY\u00caN LI\u1ec6U CH\u00cdNH<\/strong><\/p>\n<p>Protease, Bacillus subtilis.<\/p>\n<p><strong>B\u1ea2N CH\u1ea4T V\u00c0 C\u00d4NG D\u1ee4NG<\/strong><\/p>\n<ul>\n<li>Gia t\u0103ng t\u1ef7 l\u1ec7 ti\u00eau h\u00f3a, c\u1ea3i thi\u1ec7n h\u1ec7 th\u1ed1ng ti\u00eau h\u00f3a, gi\u00fap t\u00f4m c\u00e1 h\u1ea5p thu t\u1ed1t th\u1ee9c \u0103n, gi\u1ea3m FCR. Gi\u00fap nong to \u0111\u01b0\u1eddng ru\u1ed9t, ru\u1ed9t d\u00e0y kh\u1ecfe h\u01a1n.<\/li>\n<li>B\u1ed5 sung c\u00e1c vi sinh v\u1eadt c\u00f3 l\u1ee3i gi\u00fap b\u1ea3o v\u1ec7 t\u1ed1t \u0111\u01b0\u1eddng ru\u1ed9t cho t\u00f4m c\u00e1, \u1ee9c ch\u1ebf vi khu\u1ea9n g\u00e2y b\u1ec7nh, h\u1ea1n ch\u1ebf \u00f4 nhi\u1ec5m m\u00f4i tr\u01b0\u1eddng.<\/li>\n<\/ul>\n<p><strong>H\u01af\u1edaNG D\u1eaaN S\u1eec D\u1ee4NG<\/strong><\/p>\n<ul>\n<li>H\u00f2a s\u1ea3n ph\u1ea9m v\u00e0o n\u01b0\u1edbc v\u00e0 tr\u1ed9n \u0111\u1ec1u v\u00e0o th\u1ee9c \u0103n v\u1edbi li\u1ec1u: 3 &#8211; 5g\/kg th\u1ee9c \u0103n, li\u00ean t\u1ee5c 2 &#8211; 3 ng\u00e0y. \u0110\u1ecbnh k\u1ef3 10 &#8211; 15 ng\u00e0y\/l\u1ea7n.<\/li>\n<li>H\u1ed7 tr\u1ee3 qu\u00e1 tr\u00ecnh \u0111i\u1ec1u tr\u1ecb b\u1ec7nh: 10 g\/kg th\u1ee9c \u0103n, li\u00ean t\u1ee5c 5 &#8211; 7 ng\u00e0y.<\/li>\n<\/ul>\n<p><em>* Th\u1eddi gian ng\u01b0ng s\u1eed d\u1ee5ng tr\u01b0\u1edbc khi thu ho\u1ea1ch: kh\u00f4ng.<\/em><\/p>\n","protected":false},"excerpt":{"rendered":"<p>T\u0103ng ti\u00eau h\u00f3a &#8211; To \u0111\u01b0\u1eddng ru\u1ed9t<\/p>\n","protected":false},"featured_media":2138,"comment_status":"closed","ping_status":"closed","template":"","meta":[],"product_cat":[52,54,42],"product_tag":[102,100],"class_list":{"0":"post-2137","1":"product","2":"type-product","3":"status-publish","4":"has-post-thumbnail","6":"product_cat-san-pham-bo-sung-vao-thuc-an","7":"product_cat-tat-ca-san-pham","8":"product_cat-thuoc-thuy-san","9":"product_tag-gutelixirpro","10":"product_tag-thuocthuysan","12":"first","13":"instock","14":"shipping-taxable","15":"product-type-simple"},"_links":{"self":[{"href":"https:\/\/www.newhopevinhlong.com\/en\/wp-json\/wp\/v2\/product\/2137"}],"collection":[{"href":"https:\/\/www.newhopevinhlong.com\/en\/wp-json\/wp\/v2\/product"}],"about":[{"href":"https:\/\/www.newhopevinhlong.com\/en\/wp-json\/wp\/v2\/types\/product"}],"replies":[{"embeddable":true,"href":"https:\/\/www.newhopevinhlong.com\/en\/wp-json\/wp\/v2\/comments?post=2137"}],"wp:featuredmedia":[{"embeddable":true,"href":"https:\/\/www.newhopevinhlong.com\/en\/wp-json\/wp\/v2\/media\/2138"}],"wp:attachment":[{"href":"https:\/\/www.newhopevinhlong.com\/en\/wp-json\/wp\/v2\/media?parent=2137"}],"wp:term":[{"taxonomy":"product_cat","embeddable":true,"href":"https:\/\/www.newhopevinhlong.com\/en\/wp-json\/wp\/v2\/product_cat?post=2137"},{"taxonomy":"product_tag","embeddable":true,"href":"https:\/\/www.newhopevinhlong.com\/en\/wp-json\/wp\/v2\/product_tag?post=2137"}],"curies":[{"name":"wp","href":"https:\/\/api.w.org\/{rel}","templated":true}]}}