{"id":2134,"date":"2025-07-17T08:14:16","date_gmt":"2025-07-17T01:14:16","guid":{"rendered":"https:\/\/newhopevinhlong.com\/?post_type=product&#038;p=2134"},"modified":"2025-07-17T08:14:16","modified_gmt":"2025-07-17T01:14:16","slug":"ehpro","status":"publish","type":"product","link":"https:\/\/www.newhopevinhlong.com\/en\/product\/ehpro\/","title":{"rendered":"EHPRO"},"content":{"rendered":"<p><strong>CH\u1ec8 TI\u00caU CH\u1ea4T L\u01af\u1ee2NG<\/strong><\/p>\n<p>Saponin (t\u1eeb d\u1ecbch chi\u1ebft Yucca schidigera v\u00e0 Quillaja saponaria) (min)&#8230;&#8230;&#8230;..1.500 mg<\/p>\n<p>Ch\u1ea5t mang (Th\u1ea3o m\u1ed9c) v\u1eeba \u0111\u1ee7&#8230;&#8230;&#8230;&#8230;&#8230;&#8230;&#8230;&#8230;&#8230;&#8230;&#8230;&#8230;&#8230;&#8230;&#8230;&#8230;&#8230;&#8230;&#8230;&#8230;&#8230;&#8230;&#8230;&#8230;&#8230;.1 l\u00edt<\/p>\n<p><strong>NGUY\u00caN LI\u1ec6U CH\u00cdNH<\/strong><\/p>\n<p>Saponin (t\u1eeb d\u1ecbch chi\u1ebft c\u00e2y Yucca schidigera v\u00e0 Quillaja saponaria).<\/p>\n<p><strong>B\u1ea2N CH\u1ea4T V\u00c0 C\u00d4NG D\u1ee4NG<\/strong><\/p>\n<p>EHPRO gi\u00fap \u0111\u01b0\u1eddng ru\u1ed9t t\u00f4m ng\u00e0y c\u00e0ng kh\u1ecfe h\u01a1n, t\u00f4m kh\u1ecfe m\u1ea1nh v\u00e0 ph\u00e1t tri\u1ec3n t\u1ed1t. H\u1ed7 tr\u1ee3 ph\u00f2ng b\u1ec7nh EHP tr\u00ean t\u00f4m.<\/p>\n<p><strong>H\u01af\u1edaNG D\u1eaaN S\u1eec D\u1ee4NG<\/strong><\/p>\n<ul>\n<li>Tr\u1ed9n EHPRO v\u00e0o th\u1ee9c \u0103n v\u1edbi li\u1ec1u 3ml\/kg th\u1ee9c \u0103n.<\/li>\n<li>D\u00f9ng \u0111\u1ecbnh k\u1ef3 7 ng\u00e0y\/\u0111\u1ee3t, <strong>m\u1ed7i \u0111\u1ee3t d\u00f9ng li\u00ean t\u1ee5c 2 ng\u00e0y &#8211; ngh\u1ec9 5 ng\u00e0y<\/strong>. Trong 2 ng\u00e0y s\u1eed d\u1ee5ng, tr\u1ed9n v\u00e0o t\u1ea5t c\u1ea3 c\u00e1c c\u1eef \u0103n.<\/li>\n<\/ul>\n<p><strong>L\u01b0u \u00fd:<\/strong> L\u1eafc \u0111\u1ec1u tr\u01b0\u1edbc khi s\u1eed d\u1ee5ng.<\/p>\n<p><em>* Th\u1eddi gian ng\u01b0ng s\u1eed d\u1ee5ng tr\u01b0\u1edbc khi thu ho\u1ea1ch: kh\u00f4ng.<\/em><\/p>\n","protected":false},"excerpt":{"rendered":"<p>Th\u1ea3o m\u1ed9c h\u1ed7 tr\u1ee3 ph\u00f2ng EHP<\/p>\n","protected":false},"featured_media":2135,"comment_status":"closed","ping_status":"closed","template":"","meta":[],"product_cat":[52,54,42],"product_tag":[101,100],"class_list":{"0":"post-2134","1":"product","2":"type-product","3":"status-publish","4":"has-post-thumbnail","6":"product_cat-san-pham-bo-sung-vao-thuc-an","7":"product_cat-tat-ca-san-pham","8":"product_cat-thuoc-thuy-san","9":"product_tag-ehp","10":"product_tag-thuocthuysan","12":"first","13":"instock","14":"shipping-taxable","15":"product-type-simple"},"_links":{"self":[{"href":"https:\/\/www.newhopevinhlong.com\/en\/wp-json\/wp\/v2\/product\/2134"}],"collection":[{"href":"https:\/\/www.newhopevinhlong.com\/en\/wp-json\/wp\/v2\/product"}],"about":[{"href":"https:\/\/www.newhopevinhlong.com\/en\/wp-json\/wp\/v2\/types\/product"}],"replies":[{"embeddable":true,"href":"https:\/\/www.newhopevinhlong.com\/en\/wp-json\/wp\/v2\/comments?post=2134"}],"wp:featuredmedia":[{"embeddable":true,"href":"https:\/\/www.newhopevinhlong.com\/en\/wp-json\/wp\/v2\/media\/2135"}],"wp:attachment":[{"href":"https:\/\/www.newhopevinhlong.com\/en\/wp-json\/wp\/v2\/media?parent=2134"}],"wp:term":[{"taxonomy":"product_cat","embeddable":true,"href":"https:\/\/www.newhopevinhlong.com\/en\/wp-json\/wp\/v2\/product_cat?post=2134"},{"taxonomy":"product_tag","embeddable":true,"href":"https:\/\/www.newhopevinhlong.com\/en\/wp-json\/wp\/v2\/product_tag?post=2134"}],"curies":[{"name":"wp","href":"https:\/\/api.w.org\/{rel}","templated":true}]}}