{"id":1650,"date":"2024-08-08T13:16:03","date_gmt":"2024-08-08T06:16:03","guid":{"rendered":"https:\/\/newhopevinhlong.com\/tin-tuc-khac\/"},"modified":"2024-08-08T13:16:03","modified_gmt":"2024-08-08T06:16:03","slug":"tin-tuc-khac","status":"publish","type":"page","link":"https:\/\/www.newhopevinhlong.com\/en\/tin-tuc-khac\/","title":{"rendered":"Tin t\u1ee9c kh\u00e1c"},"content":{"rendered":"\t\t<div data-elementor-type=\"wp-page\" data-elementor-id=\"1650\" class=\"elementor elementor-1650 elementor-1464\">\n\t\t\t\t\t\t\t\t\t<section class=\"elementor-section elementor-top-section elementor-element elementor-element-f745308 elementor-section-boxed elementor-section-height-default elementor-section-height-default\" data-id=\"f745308\" data-element_type=\"section\">\n\t\t\t\t\t\t<div class=\"elementor-container elementor-column-gap-no\">\n\t\t\t\t\t<div class=\"aux-parallax-section elementor-column elementor-col-100 elementor-top-column elementor-element elementor-element-29dd7b0\" data-id=\"29dd7b0\" data-element_type=\"column\">\n\t\t\t<div class=\"elementor-widget-wrap elementor-element-populated\">\n\t\t\t\t\t\t\t\t\t<\/div>\n\t\t<\/div>\n\t\t\t\t\t\t\t<\/div>\n\t\t<\/section>\n\t\t\t\t\t\t\t<\/div>\n\t\t","protected":false},"excerpt":{"rendered":"<p>10\/07\/2024 | Edit Ch\u00fac m\u1eebng \u0111\u1ed9i ng\u0169 t\u00f4m s\u1ea3n l\u01b0\u1ee3ng th\u00e1ng 03.24 \u0111\u1ea1t m\u1ee9c l\u1ecbch s\u1eed 10\/07\/2024 | Edit T\u0103ng \u0111\u1ed9 \u0111\u1ea1m \u2013 N\u00e2ng ch\u1ea5t l\u01b0\u1ee3ng \u2013 Gi\u00e1 kh\u00f4ng \u0111\u1ed5i<\/p>\n","protected":false},"author":3,"featured_media":0,"parent":0,"menu_order":0,"comment_status":"closed","ping_status":"closed","template":"templates\/page-builder-content.php","meta":{"footnotes":""},"class_list":["post-1650","page","type-page","status-publish","hentry"],"_links":{"self":[{"href":"https:\/\/www.newhopevinhlong.com\/en\/wp-json\/wp\/v2\/pages\/1650"}],"collection":[{"href":"https:\/\/www.newhopevinhlong.com\/en\/wp-json\/wp\/v2\/pages"}],"about":[{"href":"https:\/\/www.newhopevinhlong.com\/en\/wp-json\/wp\/v2\/types\/page"}],"author":[{"embeddable":true,"href":"https:\/\/www.newhopevinhlong.com\/en\/wp-json\/wp\/v2\/users\/3"}],"replies":[{"embeddable":true,"href":"https:\/\/www.newhopevinhlong.com\/en\/wp-json\/wp\/v2\/comments?post=1650"}],"version-history":[{"count":0,"href":"https:\/\/www.newhopevinhlong.com\/en\/wp-json\/wp\/v2\/pages\/1650\/revisions"}],"wp:attachment":[{"href":"https:\/\/www.newhopevinhlong.com\/en\/wp-json\/wp\/v2\/media?parent=1650"}],"curies":[{"name":"wp","href":"https:\/\/api.w.org\/{rel}","templated":true}]}}