{"id":1124,"date":"2024-06-21T18:40:06","date_gmt":"2024-06-21T11:40:06","guid":{"rendered":"https:\/\/newhopevinhlong.com\/van-hoa-doanh-nghiep\/"},"modified":"2024-06-21T18:40:06","modified_gmt":"2024-06-21T11:40:06","slug":"van-hoa-doanh-nghiep","status":"publish","type":"page","link":"https:\/\/www.newhopevinhlong.com\/en\/van-hoa-doanh-nghiep\/","title":{"rendered":"V\u0103n h\u00f3a doanh nghi\u1ec7p"},"content":{"rendered":"\t\t<div data-elementor-type=\"wp-page\" data-elementor-id=\"1124\" class=\"elementor elementor-1124 elementor-428\">\n\t\t\t\t\t\t\t\t\t<section class=\"elementor-section elementor-top-section elementor-element elementor-element-f956daa elementor-section-boxed elementor-section-height-default elementor-section-height-default\" data-id=\"f956daa\" data-element_type=\"section\">\n\t\t\t\t\t\t<div class=\"elementor-container elementor-column-gap-default\">\n\t\t\t\t\t<div class=\"aux-parallax-section elementor-column elementor-col-100 elementor-top-column elementor-element elementor-element-c7101d4\" data-id=\"c7101d4\" data-element_type=\"column\">\n\t\t\t<div class=\"elementor-widget-wrap elementor-element-populated\">\n\t\t\t\t\t\t\t\t<div class=\"elementor-element elementor-element-783d1f0 elementor-widget elementor-widget-heading\" data-id=\"783d1f0\" data-element_type=\"widget\" data-widget_type=\"heading.default\">\n\t\t\t\t<div class=\"elementor-widget-container\">\n\t\t\t<h2 class=\"elementor-heading-title elementor-size-default\">V\u0103n h\u00f3a doanh nghi\u1ec7p<\/h2>\t\t<\/div>\n\t\t\t\t<\/div>\n\t\t\t\t\t<\/div>\n\t\t<\/div>\n\t\t\t\t\t\t\t<\/div>\n\t\t<\/section>\n\t\t\t\t<section class=\"elementor-section elementor-top-section elementor-element elementor-element-19f8b74 elementor-section-boxed elementor-section-height-default elementor-section-height-default\" data-id=\"19f8b74\" data-element_type=\"section\">\n\t\t\t\t\t\t<div class=\"elementor-container elementor-column-gap-default\">\n\t\t\t\t\t<div class=\"aux-parallax-section elementor-column elementor-col-100 elementor-top-column elementor-element elementor-element-3205bc9\" data-id=\"3205bc9\" data-element_type=\"column\">\n\t\t\t<div class=\"elementor-widget-wrap elementor-element-populated\">\n\t\t\t\t\t\t\t\t<div class=\"elementor-element elementor-element-8bc03a7 elementor-widget elementor-widget-spacer\" data-id=\"8bc03a7\" data-element_type=\"widget\" data-widget_type=\"spacer.default\">\n\t\t\t\t<div class=\"elementor-widget-container\">\n\t\t\t\t\t<div class=\"elementor-spacer\">\n\t\t\t<div class=\"elementor-spacer-inner\"><\/div>\n\t\t<\/div>\n\t\t\t\t<\/div>\n\t\t\t\t<\/div>\n\t\t\t\t\t<\/div>\n\t\t<\/div>\n\t\t\t\t\t\t\t<\/div>\n\t\t<\/section>\n\t\t\t\t<section class=\"elementor-section elementor-top-section elementor-element elementor-element-f60fc71 elementor-section-boxed elementor-section-height-default elementor-section-height-default\" data-id=\"f60fc71\" data-element_type=\"section\">\n\t\t\t\t\t\t<div class=\"elementor-container elementor-column-gap-default\">\n\t\t\t\t\t<div class=\"aux-parallax-section elementor-column elementor-col-33 elementor-top-column elementor-element elementor-element-30df2e6\" data-id=\"30df2e6\" data-element_type=\"column\">\n\t\t\t<div class=\"elementor-widget-wrap elementor-element-populated\">\n\t\t\t\t\t\t\t\t<div class=\"elementor-element elementor-element-377402d elementor-view-default elementor-widget elementor-widget-icon\" data-id=\"377402d\" data-element_type=\"widget\" data-widget_type=\"icon.default\">\n\t\t\t\t<div class=\"elementor-widget-container\">\n\t\t\t\t\t<div class=\"elementor-icon-wrapper\">\n\t\t\t<div class=\"elementor-icon\">\n\t\t\t<i aria-hidden=\"true\" class=\"fas fa-user-friends\"><\/i>\t\t\t<\/div>\n\t\t<\/div>\n\t\t\t\t<\/div>\n\t\t\t\t<\/div>\n\t\t\t\t<div class=\"elementor-element elementor-element-79cbb5e elementor-widget elementor-widget-text-editor\" data-id=\"79cbb5e\" data-element_type=\"widget\" data-widget_type=\"text-editor.default\">\n\t\t\t\t<div class=\"elementor-widget-container\">\n\t\t\t\t\t\t\t<h3 style=\"text-align: center;\"><strong>V\u0103n h\u00f3a doanh nghi\u1ec7p<\/strong><\/h3><p style=\"text-align: center;\"><strong>Nh\u01b0 qu\u00e2n \u0111\u1ed9i, nh\u01b0 tr\u01b0\u1eddng h\u1ecdc, nh\u01b0 gia \u0111\u00ecnh<\/strong><\/p><ul><li style=\"text-align: center;\">Nh\u01b0 qu\u00e2n \u0111\u1ed9i: nh\u1ea5t \u0111\u1ecbnh ph\u1ea3i c\u00f3 t\u00ednh k\u1ef7 lu\u1eadt<\/li><li style=\"text-align: center;\">Nh\u01b0 tr\u01b0\u1eddng h\u1ecdc: kh\u00f4ng ng\u1eebng h\u1ecdc t\u1eadp<\/li><li style=\"text-align: center;\">Nh\u01b0 gia \u0111\u00ecnh: y\u00eau c\u00f4ng ty nh\u01b0 nh\u00e0 m\u00ecnh<\/li><\/ul>\t\t\t\t\t\t<\/div>\n\t\t\t\t<\/div>\n\t\t\t\t\t<\/div>\n\t\t<\/div>\n\t\t\t\t<div class=\"aux-parallax-section elementor-column elementor-col-33 elementor-top-column elementor-element elementor-element-11c4fc5\" data-id=\"11c4fc5\" data-element_type=\"column\">\n\t\t\t<div class=\"elementor-widget-wrap elementor-element-populated\">\n\t\t\t\t\t\t\t\t<div class=\"elementor-element elementor-element-f78090a elementor-view-default elementor-widget elementor-widget-icon\" data-id=\"f78090a\" data-element_type=\"widget\" data-widget_type=\"icon.default\">\n\t\t\t\t<div class=\"elementor-widget-container\">\n\t\t\t\t\t<div class=\"elementor-icon-wrapper\">\n\t\t\t<div class=\"elementor-icon\">\n\t\t\t<i aria-hidden=\"true\" class=\"fas fa-star\"><\/i>\t\t\t<\/div>\n\t\t<\/div>\n\t\t\t\t<\/div>\n\t\t\t\t<\/div>\n\t\t\t\t<div class=\"elementor-element elementor-element-8063571 elementor-widget elementor-widget-text-editor\" data-id=\"8063571\" data-element_type=\"widget\" data-widget_type=\"text-editor.default\">\n\t\t\t\t<div class=\"elementor-widget-container\">\n\t\t\t\t\t\t\t<h3 style=\"text-align: center;\"><strong>S\u1ee9 m\u1ec7nh<\/strong><\/h3><p style=\"text-align: center;\"><strong>V\u00ec n\u00f4ng d\u00e2n m\u01b0u l\u1ee3i, v\u00ec ng\u01b0\u1eddi d\u00f9ng t\u1ea1o ph\u00fac<\/strong><\/p><ul><li style=\"text-align: center;\">Trong l\u00f2ng c\u1ee7a nh\u00e2n vi\u00ean\u2014L\u00e0 n\u01a1i c\u00f3 th\u1ec3 ti\u1ebfn b\u1ed9;<\/li><li style=\"text-align: center;\">\u0110\u1ed1i v\u1edbi nh\u00e0 cung \u1ee9ng\u2014 L\u00e0 \u0111\u1ed1i t\u00e1c \u0111\u00e1ng tin c\u1eady v\u00e0 chia s\u1ebb l\u1ee3i \u00edch;<\/li><li style=\"text-align: center;\">Trong m\u1eaft c\u1ee7a c\u01a1 quan ch\u00ednh ph\u1ee7 \u2014 C\u00f3 th\u1ec3 tin t\u01b0\u1edfng;<\/li><li style=\"text-align: center;\">Trong l\u00f2ng kh\u00e1ch h\u00e0ng\u2014S\u1eb5n s\u00e0ng h\u1ee3p t\u00e1c.<\/li><li style=\"text-align: center;\">\u00a0<\/li><\/ul>\t\t\t\t\t\t<\/div>\n\t\t\t\t<\/div>\n\t\t\t\t\t<\/div>\n\t\t<\/div>\n\t\t\t\t<div class=\"aux-parallax-section elementor-column elementor-col-33 elementor-top-column elementor-element elementor-element-7e098d1\" data-id=\"7e098d1\" data-element_type=\"column\">\n\t\t\t<div class=\"elementor-widget-wrap elementor-element-populated\">\n\t\t\t\t\t\t\t\t<div class=\"elementor-element elementor-element-7a8559e elementor-view-default elementor-widget elementor-widget-icon\" data-id=\"7a8559e\" data-element_type=\"widget\" data-widget_type=\"icon.default\">\n\t\t\t\t<div class=\"elementor-widget-container\">\n\t\t\t\t\t<div class=\"elementor-icon-wrapper\">\n\t\t\t<div class=\"elementor-icon\">\n\t\t\t<i aria-hidden=\"true\" class=\"fas fa-search\"><\/i>\t\t\t<\/div>\n\t\t<\/div>\n\t\t\t\t<\/div>\n\t\t\t\t<\/div>\n\t\t\t\t<div class=\"elementor-element elementor-element-df216db elementor-widget elementor-widget-text-editor\" data-id=\"df216db\" data-element_type=\"widget\" data-widget_type=\"text-editor.default\">\n\t\t\t\t<div class=\"elementor-widget-container\">\n\t\t\t\t\t\t\t<h3 style=\"text-align: center;\"><strong>T\u1ea7m nh\u00ecn<\/strong><\/h3><p style=\"text-align: center;\"><strong>D\u1eabn \u0111\u1ea7u th\u1ebf gi\u1edbi trong ng\u00e0nh th\u1ef1c ph\u1ea9m n\u00f4ng nghi\u1ec7p<\/strong><\/p><ul><li>K\u1ef9 thu\u1eadt s\u1ea3n xu\u1ea5t th\u1ee9c \u0103n th\u1ee7y s\u1ea3n (c\u00f4ng th\u1ee9c, quy tr\u00ecnh s\u1ea3n xu\u1ea5t, nguy\u00ean li\u1ec7u), k\u1ef9 thu\u1eadt nu\u00f4i t\u00f4m, k\u1ef9 thu\u1eadt s\u1ea3n xu\u1ea5t thu\u1ed1c th\u1ee7y s\u1ea3n \u0111\u1eb3ng c\u1ea5p;<\/li><li>D\u1ecbch v\u1ee5 ch\u0103m s\u00f3c kh\u00e1ch h\u00e0ng: nh\u00e2n vi\u00ean c\u00f3 c\u00e1c k\u1ef9 n\u0103ng ph\u1ee5c v\u1ee5 t\u1ed1t nh\u1ea5t;<\/li><li>C\u1ea1nh tranh: C\u1ea1nh tranh v\u1edbi c\u00e1c doanh nghi\u1ec7p trong ng\u00e0nh v\u00e0 h\u1ee3p t\u00e1c v\u1edbi c\u00e1c c\u00f4ng ty h\u00e0ng \u0111\u1ea7u kh\u00e1c;<\/li><li>K\u1ebft h\u1ee3p c\u00e1c ng\u00e0nh ngh\u1ec1 t\u1eeb chu\u1ed7i li\u00ean k\u1ebft (Gi\u1ed1ng, nu\u00f4i tr\u1ed3ng, th\u1ee9c \u0103n ch\u0103n nu\u00f4i, thu\u1ed1c th\u1ee7y s\u1ea3n, gia c\u00f4ng, ch\u1ebf bi\u1ebfn,&#8230;). Ch\u00fang ta c\u00f3 th\u1ec3 x\u00e2y d\u1ef1ng m\u1ed9t \u0111\u1ed9i ng\u0169 \u0111\u1eb3ng c\u1ea5p, th\u01b0\u01a1ng hi\u1ec7u h\u00e0ng \u0111\u1ea7u.<\/li><\/ul>\t\t\t\t\t\t<\/div>\n\t\t\t\t<\/div>\n\t\t\t\t\t<\/div>\n\t\t<\/div>\n\t\t\t\t\t\t\t<\/div>\n\t\t<\/section>\n\t\t\t\t<section class=\"elementor-section elementor-top-section elementor-element elementor-element-7a8acfc elementor-section-boxed elementor-section-height-default elementor-section-height-default\" data-id=\"7a8acfc\" data-element_type=\"section\">\n\t\t\t\t\t\t<div class=\"elementor-container elementor-column-gap-default\">\n\t\t\t\t\t<div class=\"aux-parallax-section elementor-column elementor-col-33 elementor-top-column elementor-element elementor-element-0362d8c\" data-id=\"0362d8c\" data-element_type=\"column\">\n\t\t\t<div class=\"elementor-widget-wrap elementor-element-populated\">\n\t\t\t\t\t\t\t\t<div class=\"elementor-element elementor-element-a927571 elementor-widget elementor-widget-text-editor\" data-id=\"a927571\" data-element_type=\"widget\" data-widget_type=\"text-editor.default\">\n\t\t\t\t<div class=\"elementor-widget-container\">\n\t\t\t\t\t\t\t<h3 style=\"text-align: center;\"><strong>Gi\u00e1 tr\u1ecb c\u1ed1t l\u00f5i<\/strong><\/h3>\t\t\t\t\t\t<\/div>\n\t\t\t\t<\/div>\n\t\t\t\t\t<\/div>\n\t\t<\/div>\n\t\t\t\t<div class=\"aux-parallax-section elementor-column elementor-col-66 elementor-top-column elementor-element elementor-element-f2dc436\" data-id=\"f2dc436\" data-element_type=\"column\">\n\t\t\t<div class=\"elementor-widget-wrap elementor-element-populated\">\n\t\t\t\t\t\t\t\t<div class=\"elementor-element elementor-element-288da77 elementor-widget elementor-widget-accordion\" data-id=\"288da77\" data-element_type=\"widget\" data-widget_type=\"accordion.default\">\n\t\t\t\t<div class=\"elementor-widget-container\">\n\t\t\t\t\t<div class=\"elementor-accordion\">\n\t\t\t\t\t\t\t<div class=\"elementor-accordion-item\">\n\t\t\t\t\t<div id=\"elementor-tab-title-4251\" class=\"elementor-tab-title\" data-tab=\"1\" role=\"button\" aria-controls=\"elementor-tab-content-4251\" aria-expanded=\"false\">\n\t\t\t\t\t\t\t\t\t\t\t\t\t<span class=\"elementor-accordion-icon elementor-accordion-icon-left\" aria-hidden=\"true\">\n\t\t\t\t\t\t\t\t\t\t\t\t\t\t\t<span class=\"elementor-accordion-icon-closed\"><i class=\"fas fa-plus\"><\/i><\/span>\n\t\t\t\t\t\t\t\t<span class=\"elementor-accordion-icon-opened\"><i class=\"fas fa-minus\"><\/i><\/span>\n\t\t\t\t\t\t\t\t\t\t\t\t\t\t<\/span>\n\t\t\t\t\t\t\t\t\t\t\t\t<a class=\"elementor-accordion-title\" tabindex=\"0\">Kh\u00e1ch h\u00e0ng tr\u01b0\u1edbc nh\u1ea5t<\/a>\n\t\t\t\t\t<\/div>\n\t\t\t\t\t<div id=\"elementor-tab-content-4251\" class=\"elementor-tab-content elementor-clearfix\" data-tab=\"1\" role=\"region\" aria-labelledby=\"elementor-tab-title-4251\"><ul><li>H\u1ee3p t\u00e1c c\u00f9ng th\u1eafng l\u1ee3i, kh\u00f4ng t\u01b0 l\u1ee3i, thi\u1ec3n c\u1eadn<\/li><li>Gi\u1ea3i quy\u1ebft tr\u1ecdng \u0111i\u1ec3m, kh\u00f4ng ch\u1ec9 l\u00e0m tr\u00ean s\u00e1ch v\u1edf<\/li><li>\u0110\u00f3n \u0111\u1ea7u c\u00e1c t\u00ecnh hu\u1ed1ng, kh\u00f4ng x\u1eed l\u00fd k\u00e9o d\u00e0i, hay ch\u1edd \u0111\u1ee3i<\/li><\/ul><\/div>\n\t\t\t\t<\/div>\n\t\t\t\t\t\t\t<div class=\"elementor-accordion-item\">\n\t\t\t\t\t<div id=\"elementor-tab-title-4252\" class=\"elementor-tab-title\" data-tab=\"2\" role=\"button\" aria-controls=\"elementor-tab-content-4252\" aria-expanded=\"false\">\n\t\t\t\t\t\t\t\t\t\t\t\t\t<span class=\"elementor-accordion-icon elementor-accordion-icon-left\" aria-hidden=\"true\">\n\t\t\t\t\t\t\t\t\t\t\t\t\t\t\t<span class=\"elementor-accordion-icon-closed\"><i class=\"fas fa-plus\"><\/i><\/span>\n\t\t\t\t\t\t\t\t<span class=\"elementor-accordion-icon-opened\"><i class=\"fas fa-minus\"><\/i><\/span>\n\t\t\t\t\t\t\t\t\t\t\t\t\t\t<\/span>\n\t\t\t\t\t\t\t\t\t\t\t\t<a class=\"elementor-accordion-title\" tabindex=\"0\">Th\u1eed th\u00e1ch \u0111\u1ed5i m\u1edbi<\/a>\n\t\t\t\t\t<\/div>\n\t\t\t\t\t<div id=\"elementor-tab-content-4252\" class=\"elementor-tab-content elementor-clearfix\" data-tab=\"2\" role=\"region\" aria-labelledby=\"elementor-tab-title-4252\"><ul><li>Kh\u00f4ng ng\u1eebng h\u1ecdc h\u1ecfi, kh\u00f4ng d\u1eadm ch\u00e2n t\u1ea1i ch\u1ed7<\/li><li>Ch\u1ee7 \u0111\u1ed9ng b\u1ee9t ph\u00e1, kh\u00f4ng ng\u1ea1i kh\u00f3, kh\u00f4ng b\u1ea3o th\u1ee7<\/li><li>D\u00e1m nh\u1eadn sai, kh\u00f4ng theo s\u1ef1 phi\u1ebfn di\u1ec7n<\/li><\/ul><\/div>\n\t\t\t\t<\/div>\n\t\t\t\t\t\t\t<div class=\"elementor-accordion-item\">\n\t\t\t\t\t<div id=\"elementor-tab-title-4253\" class=\"elementor-tab-title\" data-tab=\"3\" role=\"button\" aria-controls=\"elementor-tab-content-4253\" aria-expanded=\"false\">\n\t\t\t\t\t\t\t\t\t\t\t\t\t<span class=\"elementor-accordion-icon elementor-accordion-icon-left\" aria-hidden=\"true\">\n\t\t\t\t\t\t\t\t\t\t\t\t\t\t\t<span class=\"elementor-accordion-icon-closed\"><i class=\"fas fa-plus\"><\/i><\/span>\n\t\t\t\t\t\t\t\t<span class=\"elementor-accordion-icon-opened\"><i class=\"fas fa-minus\"><\/i><\/span>\n\t\t\t\t\t\t\t\t\t\t\t\t\t\t<\/span>\n\t\t\t\t\t\t\t\t\t\t\t\t<a class=\"elementor-accordion-title\" tabindex=\"0\">Ph\u1ea5n \u0111\u1ea5u l\u00e0m chu\u1ea9n<\/a>\n\t\t\t\t\t<\/div>\n\t\t\t\t\t<div id=\"elementor-tab-content-4253\" class=\"elementor-tab-content elementor-clearfix\" data-tab=\"3\" role=\"region\" aria-labelledby=\"elementor-tab-title-4253\"><ul><li>C\u00f4ng t\u00e2m t\u00edch c\u1ef1c, kh\u00f4ng \u00edch k\u1ef7<\/li><li>T\u1ef1 ch\u1ee7 c\u00f3 tr\u00e1ch nhi\u1ec7m, kh\u00f4ng l\u01b0\u1eddi nh\u00e1c tr\u1ed1n tr\u00e1nh<\/li><li>Bao dung c\u00f9ng ti\u1ebfn, kh\u00f4ng t\u00ednh to\u00e1n, kh\u00f4ng t\u1eeb b\u1ecf<\/li><li>\u00a0<\/li><\/ul><\/div>\n\t\t\t\t<\/div>\n\t\t\t\t\t\t\t\t<\/div>\n\t\t\t\t<\/div>\n\t\t\t\t<\/div>\n\t\t\t\t\t<\/div>\n\t\t<\/div>\n\t\t\t\t\t\t\t<\/div>\n\t\t<\/section>\n\t\t\t\t<section class=\"elementor-section elementor-top-section elementor-element elementor-element-80c990e elementor-section-boxed elementor-section-height-default elementor-section-height-default\" data-id=\"80c990e\" data-element_type=\"section\">\n\t\t\t\t\t\t<div class=\"elementor-container elementor-column-gap-default\">\n\t\t\t\t\t<div class=\"aux-parallax-section elementor-column elementor-col-25 elementor-top-column elementor-element elementor-element-8824462\" data-id=\"8824462\" data-element_type=\"column\">\n\t\t\t<div class=\"elementor-widget-wrap elementor-element-populated\">\n\t\t\t\t\t\t\t\t<div class=\"elementor-element elementor-element-87c6b34 elementor-view-default elementor-position-top elementor-mobile-position-top elementor-widget elementor-widget-icon-box\" data-id=\"87c6b34\" data-element_type=\"widget\" data-widget_type=\"icon-box.default\">\n\t\t\t\t<div class=\"elementor-widget-container\">\n\t\t\t\t\t<div class=\"elementor-icon-box-wrapper\">\n\t\t\t\t\t\t<div class=\"elementor-icon-box-icon\">\n\t\t\t\t<span  class=\"elementor-icon elementor-animation-\">\n\t\t\t\t<i aria-hidden=\"true\" class=\"fas fa-tag\"><\/i>\t\t\t\t<\/span>\n\t\t\t<\/div>\n\t\t\t\t\t\t<div class=\"elementor-icon-box-content\">\n\t\t\t\t<h3 class=\"elementor-icon-box-title\">\n\t\t\t\t\t<span  >\n\t\t\t\t\t\tL\u00fd lu\u1eadn doanh nghi\u1ec7p\t\t\t\t\t<\/span>\n\t\t\t\t<\/h3>\n\t\t\t\t\t\t\t\t\t<p class=\"elementor-icon-box-description\">\n\t\t\t\t\t\tV\u1edbi kh\u00e1ch h\u00e0ng c\u00f9ng chia s\u1ebb th\u00e0nh c\u00f4ng, v\u1edbi nh\u00e2n vi\u00ean c\u00f9ng c\u1ea7u ph\u00e1t tri\u1ec3n, v\u1edbi x\u00e3 h\u1ed9i c\u00f9ng c\u1ea7u ti\u1ebfn b\u1ed9\t\t\t\t\t<\/p>\n\t\t\t\t\t\t\t<\/div>\n\t\t<\/div>\n\t\t\t\t<\/div>\n\t\t\t\t<\/div>\n\t\t\t\t\t<\/div>\n\t\t<\/div>\n\t\t\t\t<div class=\"aux-parallax-section elementor-column elementor-col-25 elementor-top-column elementor-element elementor-element-f1c55ee\" data-id=\"f1c55ee\" data-element_type=\"column\">\n\t\t\t<div class=\"elementor-widget-wrap elementor-element-populated\">\n\t\t\t\t\t\t\t\t<div class=\"elementor-element elementor-element-445deac elementor-view-default elementor-position-top elementor-mobile-position-top elementor-widget elementor-widget-icon-box\" data-id=\"445deac\" data-element_type=\"widget\" data-widget_type=\"icon-box.default\">\n\t\t\t\t<div class=\"elementor-widget-container\">\n\t\t\t\t\t<div class=\"elementor-icon-box-wrapper\">\n\t\t\t\t\t\t<div class=\"elementor-icon-box-icon\">\n\t\t\t\t<span  class=\"elementor-icon elementor-animation-\">\n\t\t\t\t<i aria-hidden=\"true\" class=\"fas fa-tags\"><\/i>\t\t\t\t<\/span>\n\t\t\t<\/div>\n\t\t\t\t\t\t<div class=\"elementor-icon-box-content\">\n\t\t\t\t<h3 class=\"elementor-icon-box-title\">\n\t\t\t\t\t<span  >\n\t\t\t\t\t\tL\u00fd lu\u1eadn kh\u00e1ch h\u00e0ng\t\t\t\t\t<\/span>\n\t\t\t\t<\/h3>\n\t\t\t\t\t\t\t\t\t<p class=\"elementor-icon-box-description\">\n\t\t\t\t\t\tC\u00f9ng nhau ph\u00e1t tri\u1ec3n, c\u00f9ng t\u1ea1o huy ho\u00e0ng\t\t\t\t\t<\/p>\n\t\t\t\t\t\t\t<\/div>\n\t\t<\/div>\n\t\t\t\t<\/div>\n\t\t\t\t<\/div>\n\t\t\t\t\t<\/div>\n\t\t<\/div>\n\t\t\t\t<div class=\"aux-parallax-section elementor-column elementor-col-25 elementor-top-column elementor-element elementor-element-33aaa83\" data-id=\"33aaa83\" data-element_type=\"column\">\n\t\t\t<div class=\"elementor-widget-wrap elementor-element-populated\">\n\t\t\t\t\t\t\t\t<div class=\"elementor-element elementor-element-9e4d0a7 elementor-view-default elementor-position-top elementor-mobile-position-top elementor-widget elementor-widget-icon-box\" data-id=\"9e4d0a7\" data-element_type=\"widget\" data-widget_type=\"icon-box.default\">\n\t\t\t\t<div class=\"elementor-widget-container\">\n\t\t\t\t\t<div class=\"elementor-icon-box-wrapper\">\n\t\t\t\t\t\t<div class=\"elementor-icon-box-icon\">\n\t\t\t\t<span  class=\"elementor-icon elementor-animation-\">\n\t\t\t\t<i aria-hidden=\"true\" class=\"fas fa-street-view\"><\/i>\t\t\t\t<\/span>\n\t\t\t<\/div>\n\t\t\t\t\t\t<div class=\"elementor-icon-box-content\">\n\t\t\t\t<h3 class=\"elementor-icon-box-title\">\n\t\t\t\t\t<span  >\n\t\t\t\t\t\tT\u01b0 t\u01b0\u1edfng kinh doanh\t\t\t\t\t<\/span>\n\t\t\t\t<\/h3>\n\t\t\t\t\t\t\t\t\t<p class=\"elementor-icon-box-description\">\n\t\t\t\t\t\tTh\u1ecb tr\u01b0\u1eddng l\u00e0 th\u01b0\u1ee3ng \u0111\u1ebf, kh\u00e1ch h\u00e0ng l\u00e0 b\u1ea1n th\u00e2n, ch\u1ea5t l\u01b0\u1ee3ng l\u00e0 sinh m\u1ec7nh, uy t\u00edn c\u1ea7n b\u1ea3o to\u00e0n\t\t\t\t\t<\/p>\n\t\t\t\t\t\t\t<\/div>\n\t\t<\/div>\n\t\t\t\t<\/div>\n\t\t\t\t<\/div>\n\t\t\t\t\t<\/div>\n\t\t<\/div>\n\t\t\t\t<div class=\"aux-parallax-section elementor-column elementor-col-25 elementor-top-column elementor-element elementor-element-55e7411\" data-id=\"55e7411\" data-element_type=\"column\">\n\t\t\t<div class=\"elementor-widget-wrap elementor-element-populated\">\n\t\t\t\t\t\t\t\t<div class=\"elementor-element elementor-element-8e554bc elementor-view-default elementor-position-top elementor-mobile-position-top elementor-widget elementor-widget-icon-box\" data-id=\"8e554bc\" data-element_type=\"widget\" data-widget_type=\"icon-box.default\">\n\t\t\t\t<div class=\"elementor-widget-container\">\n\t\t\t\t\t<div class=\"elementor-icon-box-wrapper\">\n\t\t\t\t\t\t<div class=\"elementor-icon-box-icon\">\n\t\t\t\t<span  class=\"elementor-icon elementor-animation-\">\n\t\t\t\t<i aria-hidden=\"true\" class=\"fas fa-user-check\"><\/i>\t\t\t\t<\/span>\n\t\t\t<\/div>\n\t\t\t\t\t\t<div class=\"elementor-icon-box-content\">\n\t\t\t\t<h3 class=\"elementor-icon-box-title\">\n\t\t\t\t\t<span  >\n\t\t\t\t\t\tY\u00eau c\u1ea7u c\u00f4ng vi\u1ec7c\t\t\t\t\t<\/span>\n\t\t\t\t<\/h3>\n\t\t\t\t\t\t\t\t\t<p class=\"elementor-icon-box-description\">\n\t\t\t\t\t\tL\u1eadp t\u1ee9c l\u00e0m, l\u00e0m t\u1ea1i ch\u1ed7, xung phong l\u00e0m, l\u00e0m t\u1edbi c\u00f9ng\t\t\t\t\t<\/p>\n\t\t\t\t\t\t\t<\/div>\n\t\t<\/div>\n\t\t\t\t<\/div>\n\t\t\t\t<\/div>\n\t\t\t\t\t<\/div>\n\t\t<\/div>\n\t\t\t\t\t\t\t<\/div>\n\t\t<\/section>\n\t\t\t\t\t\t\t<\/div>\n\t\t","protected":false},"excerpt":{"rendered":"<p>V\u0103n h\u00f3a doanh nghi\u1ec7p V\u0103n h\u00f3a doanh nghi\u1ec7p Nh\u01b0 qu\u00e2n \u0111\u1ed9i, nh\u01b0 tr\u01b0\u1eddng h\u1ecdc, nh\u01b0 gia \u0111\u00ecnh Nh\u01b0 qu\u00e2n \u0111\u1ed9i: nh\u1ea5t \u0111\u1ecbnh ph\u1ea3i c\u00f3 t\u00ednh k\u1ef7 lu\u1eadt Nh\u01b0 tr\u01b0\u1eddng h\u1ecdc: kh\u00f4ng ng\u1eebng h\u1ecdc t\u1eadp Nh\u01b0 gia \u0111\u00ecnh: y\u00eau c\u00f4ng ty nh\u01b0 nh\u00e0 m\u00ecnh S\u1ee9 m\u1ec7nh V\u00ec n\u00f4ng d\u00e2n m\u01b0u l\u1ee3i, v\u00ec ng\u01b0\u1eddi d\u00f9ng t\u1ea1o ph\u00fac [&hellip;]<\/p>\n","protected":false},"author":3,"featured_media":0,"parent":0,"menu_order":0,"comment_status":"closed","ping_status":"closed","template":"elementor_header_footer","meta":{"footnotes":""},"class_list":["post-1124","page","type-page","status-publish","hentry"],"_links":{"self":[{"href":"https:\/\/www.newhopevinhlong.com\/en\/wp-json\/wp\/v2\/pages\/1124"}],"collection":[{"href":"https:\/\/www.newhopevinhlong.com\/en\/wp-json\/wp\/v2\/pages"}],"about":[{"href":"https:\/\/www.newhopevinhlong.com\/en\/wp-json\/wp\/v2\/types\/page"}],"author":[{"embeddable":true,"href":"https:\/\/www.newhopevinhlong.com\/en\/wp-json\/wp\/v2\/users\/3"}],"replies":[{"embeddable":true,"href":"https:\/\/www.newhopevinhlong.com\/en\/wp-json\/wp\/v2\/comments?post=1124"}],"version-history":[{"count":0,"href":"https:\/\/www.newhopevinhlong.com\/en\/wp-json\/wp\/v2\/pages\/1124\/revisions"}],"wp:attachment":[{"href":"https:\/\/www.newhopevinhlong.com\/en\/wp-json\/wp\/v2\/media?parent=1124"}],"curies":[{"name":"wp","href":"https:\/\/api.w.org\/{rel}","templated":true}]}}