{"id":1121,"date":"2021-03-09T07:12:56","date_gmt":"2021-03-09T00:12:56","guid":{"rendered":"https:\/\/newhopevinhlong.com\/lien-he\/"},"modified":"2025-07-18T13:23:30","modified_gmt":"2025-07-18T06:23:30","slug":"lien-he","status":"publish","type":"page","link":"https:\/\/www.newhopevinhlong.com\/en\/lien-he\/","title":{"rendered":"Li\u00ean h\u00ea\u0323"},"content":{"rendered":"\t\t<div data-elementor-type=\"wp-page\" data-elementor-id=\"1121\" class=\"elementor elementor-1121 elementor-104\">\n\t\t\t\t\t\t\t\t\t<section class=\"elementor-section elementor-top-section elementor-element elementor-element-d8c6389 elementor-section-content-middle elementor-section-boxed elementor-section-height-default elementor-section-height-default\" data-id=\"d8c6389\" data-element_type=\"section\">\n\t\t\t\t\t\t<div class=\"elementor-container elementor-column-gap-no\">\n\t\t\t\t\t<div class=\"aux-parallax-section elementor-column elementor-col-50 elementor-top-column elementor-element elementor-element-f388810\" data-id=\"f388810\" data-element_type=\"column\">\n\t\t\t<div class=\"elementor-widget-wrap elementor-element-populated\">\n\t\t\t\t\t\t\t\t<div class=\"elementor-element elementor-element-8f0afec aux-appear-watch-animation aux-fade-in-down elementor-widget elementor-widget-aux_modern_heading\" data-id=\"8f0afec\" data-element_type=\"widget\" data-widget_type=\"aux_modern_heading.default\">\n\t\t\t\t<div class=\"elementor-widget-container\">\n\t\t\t<section class=\"aux-widget-modern-heading\">\n            <div class=\"aux-widget-inner\"><h2 class=\"aux-modern-heading-primary\">Li\u00ean h\u1ec7 v\u1edbi ch\u00fang t\u00f4i<\/h2><h3 class=\"aux-modern-heading-secondary\"><span class=\"aux-head-highlight\">\u0110\u01b0\u0300ng ti\u0300m ki\u00ea\u0301m tr\u00ean Google Ha\u0303y thi\u00ea\u0301t k\u00ea\u0301 c\u00e2u ho\u0309i cu\u0309a ri\u00eang ba\u0323n<\/span><\/h3><div class=\"aux-modern-heading-description\"><p>S\u1ed1 \u0111i\u1ec7n tho\u1ea1i c\u1ee7a b\u1ea1n s\u1ebd kh\u00f4ng \u0111\u01b0\u1ee3c c\u00f4ng b\u1ed1. C\u00e1c tr\u01b0\u1eddng b\u1eaft bu\u1ed9c \u0111\u01b0\u1ee3c \u0111\u00e1nh d\u1ea5u*<\/p><\/div><\/div>\n        <\/section>\t\t<\/div>\n\t\t\t\t<\/div>\n\t\t\t\t<div class=\"elementor-element elementor-element-173d5ef aux-appear-watch-animation aux-fade-in-up elementor-widget elementor-widget-aux_contact_form\" data-id=\"173d5ef\" data-element_type=\"widget\" data-widget_type=\"aux_contact_form.default\">\n\t\t\t\t<div class=\"elementor-widget-container\">\n\t\t\t<section class=\"widget-container aux-widget-contact-form aux-parent-au0caffbd6\">            <div class=\"aux-col-wrapper aux-no-gutter\">\n            <!-- @TODO - The output for element here -->\n\n            \n<div class=\"wpcf7 no-js\" id=\"wpcf7-f87-o1\" lang=\"en-US\" dir=\"ltr\">\n<div class=\"screen-reader-response\"><p role=\"status\" aria-live=\"polite\" aria-atomic=\"true\"><\/p> <ul><\/ul><\/div>\n<form action=\"\/en\/wp-json\/wp\/v2\/pages\/1121#wpcf7-f87-o1\" method=\"post\" class=\"wpcf7-form init\" aria-label=\"Contact form\" novalidate=\"novalidate\" data-status=\"init\">\n<div style=\"display: none;\">\n<input type=\"hidden\" name=\"_wpcf7\" value=\"87\" \/>\n<input type=\"hidden\" name=\"_wpcf7_version\" value=\"5.8.2\" \/>\n<input type=\"hidden\" name=\"_wpcf7_locale\" value=\"en_US\" \/>\n<input type=\"hidden\" name=\"_wpcf7_unit_tag\" value=\"wpcf7-f87-o1\" \/>\n<input type=\"hidden\" name=\"_wpcf7_container_post\" value=\"0\" \/>\n<input type=\"hidden\" name=\"_wpcf7_posted_data_hash\" value=\"\" \/>\n<\/div>\n<div style=\"display: none\"><p><span class=\"wpcf7-form-control-wrap\" data-name=\"mbws\"><input size=\"40\" class=\"wpcf7-form-control wpcf7-text\" aria-invalid=\"false\" value=\"\" type=\"text\" name=\"mbws\"><\/span><\/p><\/div><div class=\"aux-nextto\">\n\t<p><span class=\"wpcf7-form-control-wrap\" data-name=\"text-663\"><input size=\"40\" class=\"wpcf7-form-control wpcf7-text wpcf7-validates-as-required\" aria-required=\"true\" aria-invalid=\"false\" placeholder=\"T\u00ean cu\u0309a ba\u0323n *\" value=\"\" type=\"text\" name=\"text-663\" \/><\/span><br \/>\n<span class=\"wpcf7-form-control-wrap\" data-name=\"tel-109\"><input size=\"40\" class=\"wpcf7-form-control wpcf7-tel wpcf7-validates-as-required wpcf7-text wpcf7-validates-as-tel\" aria-required=\"true\" aria-invalid=\"false\" placeholder=\"S\u1ed1 \u0111i\u1ec7n tho\u1ea1i cu\u0309a ba\u0323n *\" value=\"\" type=\"tel\" name=\"tel-109\" \/><\/span>\n\t<\/p>\n<\/div>\n<p><span class=\"wpcf7-form-control-wrap\" data-name=\"textarea-340\"><textarea cols=\"40\" rows=\"10\" class=\"wpcf7-form-control wpcf7-textarea wpcf7-validates-as-required\" aria-required=\"true\" aria-invalid=\"false\" placeholder=\"C\u00e2u ho\u0309i cu\u0309a ba\u0323n *\" name=\"textarea-340\"><\/textarea><\/span><br \/>\n<input class=\"wpcf7-form-control wpcf7-submit has-spinner\" type=\"submit\" value=\"G\u01b0\u0309i tin nh\u0103\u0301n\" \/>\n<\/p><div class=\"wpcf7-response-output\" aria-hidden=\"true\"><\/div>\n<\/form>\n<\/div>\n\n\n            <\/div><!-- aux-col-wrapper -->\n    <\/section><!-- widget-container -->\t\t<\/div>\n\t\t\t\t<\/div>\n\t\t\t\t\t<\/div>\n\t\t<\/div>\n\t\t\t\t<div class=\"aux-parallax-section elementor-column elementor-col-50 elementor-top-column elementor-element elementor-element-e91fa46\" data-id=\"e91fa46\" data-element_type=\"column\">\n\t\t\t<div class=\"elementor-widget-wrap elementor-element-populated\">\n\t\t\t\t\t\t\t\t<div class=\"elementor-element elementor-element-736eaaf elementor-widget elementor-widget-html\" data-id=\"736eaaf\" data-element_type=\"widget\" data-widget_type=\"html.default\">\n\t\t\t\t<div class=\"elementor-widget-container\">\n\t\t\t<iframe src=\"https:\/\/www.google.com\/maps\/embed?pb=!1m18!1m12!1m3!1d62860.80485186595!2d105.74387744863279!3d10.033331500000005!2m3!1f0!2f0!3f0!3m2!1i1024!2i768!4f13.1!3m3!1m2!1s0x31a062ddb1841a97%3A0xd03952b8bebdc1a0!2sC%C3%94NG%20TY%20TNHH%20NEW%20HOPE%20V%C4%A8NH%20LONG!5e0!3m2!1svi!2s!4v1718875228196!5m2!1svi!2s\" width=\"600\" height=\"850\" style=\"border:0;\" allowfullscreen=\"\" loading=\"lazy\" referrerpolicy=\"no-referrer-when-downgrade\"><\/iframe>\t\t<\/div>\n\t\t\t\t<\/div>\n\t\t\t\t\t<\/div>\n\t\t<\/div>\n\t\t\t\t\t\t\t<\/div>\n\t\t<\/section>\n\t\t\t\t<section class=\"elementor-section elementor-top-section elementor-element elementor-element-fa9eb0e hover-infor-contact-mb elementor-section-boxed elementor-section-height-default elementor-section-height-default\" data-id=\"fa9eb0e\" data-element_type=\"section\">\n\t\t\t\t\t\t<div class=\"elementor-container elementor-column-gap-no\">\n\t\t\t\t\t<div class=\"aux-parallax-section elementor-column elementor-col-33 elementor-top-column elementor-element elementor-element-b9f1b9e\" data-id=\"b9f1b9e\" data-element_type=\"column\">\n\t\t\t<div class=\"elementor-widget-wrap elementor-element-populated\">\n\t\t\t\t\t\t\t\t<div class=\"elementor-element elementor-element-0c693eb aux-appear-watch-animation aux-fade-in-right elementor-widget elementor-widget-aux_text\" data-id=\"0c693eb\" data-element_type=\"widget\" data-widget_type=\"aux_text.default\">\n\t\t\t\t<div class=\"elementor-widget-container\">\n\t\t\t<section class=\"widget-container aux-widget-text aux-parent-auc464ed4c\">        <div class=\"aux-widget-advanced-text aux-wrap-style-simple aux-ico-pos-left aux-text-left aux-text-resp- aux-text-color-dark aux-text-widget-bg-center  \" >\n        \n                            <div class=\"aux-text-widget-header \"  >\n                        <div class=\"aux-ico-box aux-ico-large aux-ico-clear \">\n                                                                <svg xmlns=\"http:\/\/www.w3.org\/2000\/svg\" width=\"26.549\" height=\"33.276\" viewBox=\"0 0 26.549 33.276\"><path d=\"M62.1.008A13.279,13.279,0,0,0,49.54,15.8h0s.02.143.089.416a13.306,13.306,0,0,0,.894,2.634C51.852,22,54.93,27.272,61.834,33.01a1.153,1.153,0,0,0,1.474,0c6.9-5.731,9.982-11.005,11.319-14.171a12.742,12.742,0,0,0,.894-2.634c.061-.266.089-.416.089-.416h0A13.282,13.282,0,0,0,62.1.008Zm.471,19.868a6.448,6.448,0,1,1,6.448-6.448A6.447,6.447,0,0,1,62.571,19.876Z\" transform=\"translate(-49.299 0)\" fill=\"var(--e-global-color-secondary)\" \/><\/svg>                                                    <\/div>\n                <\/div>\n            \n            <div class=\"aux-text-inner aux-text-widget-content\">\n                                <h4 class=\"col-title\">G\u1eb7p ch\u00fang t\u00f4i t\u1ea1i v\u0103n ph\u00f2ng<\/h4>\n                                <div class=\"widget-content\">\n                                        <p>L\u00f4 I, KCN B\u00ecnh Minh, \u1ea5p M\u1ef9 H\u01b0ng 2, ph\u01b0\u1eddng C\u00e1i V\u1ed3n, t\u1ec9nh V\u0129nh Long<\/p>                <\/div>\n                            <\/div>\n        <\/div>\n                    <div class=\"aux-text-widget-footer\">\n                <div class=\"aux-border-shape-none \">\n                                <\/div>\n            <\/div>\n        \n<\/section><!-- widget-container -->\t\t<\/div>\n\t\t\t\t<\/div>\n\t\t\t\t\t<\/div>\n\t\t<\/div>\n\t\t\t\t<div class=\"aux-parallax-section elementor-column elementor-col-33 elementor-top-column elementor-element elementor-element-ab72ec0\" data-id=\"ab72ec0\" data-element_type=\"column\">\n\t\t\t<div class=\"elementor-widget-wrap elementor-element-populated\">\n\t\t\t\t\t\t\t\t<div class=\"elementor-element elementor-element-8c1db0d aux-appear-watch-animation aux-fade-in-right elementor-widget elementor-widget-aux_text\" data-id=\"8c1db0d\" data-element_type=\"widget\" data-widget_type=\"aux_text.default\">\n\t\t\t\t<div class=\"elementor-widget-container\">\n\t\t\t<section class=\"widget-container aux-widget-text aux-parent-au7a584c10\">        <div class=\"aux-widget-advanced-text aux-wrap-style-simple aux-ico-pos-left aux-text-left aux-text-resp- aux-text-color-dark aux-text-widget-bg-center  \" >\n        \n                            <div class=\"aux-text-widget-header \"  >\n                        <div class=\"aux-ico-box aux-ico-large aux-ico-clear \">\n                                                                <svg xmlns=\"http:\/\/www.w3.org\/2000\/svg\" width=\"33.047\" height=\"20.992\" viewBox=\"0 0 33.047 20.992\"><path d=\"M3.172,61.291q.627.358,3.78,2.125t4.832,2.721q.184.1.784.455t1,.567q.4.216.959.484a6.248,6.248,0,0,0,1.06.4,3.549,3.549,0,0,0,.922.134h.037a3.552,3.552,0,0,0,.922-.134,6.254,6.254,0,0,0,1.06-.4q.562-.269.959-.484t1-.567q.6-.351.784-.455,1.7-.954,8.631-4.846a8.118,8.118,0,0,0,2.25-1.834,3.453,3.453,0,0,0,.9-2.251,2.1,2.1,0,0,0-.876-1.685,3.22,3.22,0,0,0-2.075-.7H2.951A2.935,2.935,0,0,0,.765,55.6,2.648,2.648,0,0,0,0,57.533a3.142,3.142,0,0,0,1.014,2.035A8.556,8.556,0,0,0,3.172,61.291Z\" transform=\"translate(0 -54.82)\" fill=\"var(--e-global-color-secondary)\" \/><path d=\"M31.2,185.734q-6.048,3.31-9.184,5.144-1.051.626-1.706.976a11.636,11.636,0,0,1-1.743.716,6.388,6.388,0,0,1-2.028.365h-.037a6.391,6.391,0,0,1-2.029-.365,11.642,11.642,0,0,1-1.743-.716q-.654-.35-1.706-.976-2.49-1.476-9.165-5.144A9.5,9.5,0,0,1,0,184.437v11.837a2.1,2.1,0,0,0,.867,1.685,3.21,3.21,0,0,0,2.084.7H30.1a3.21,3.21,0,0,0,2.084-.7,2.1,2.1,0,0,0,.867-1.685V184.437A9.863,9.863,0,0,1,31.2,185.734Z\" transform=\"translate(0 -177.668)\" fill=\"var(--e-global-color-secondary)\" \/><\/svg>                                                    <\/div>\n                <\/div>\n            \n            <div class=\"aux-text-inner aux-text-widget-content\">\n                                <h4 class=\"col-title\">\u0110\u1ecba ch\u1ec9 Email c\u1ee7a ch\u00fang t\u00f4i<\/h4>\n                                <div class=\"widget-content\">\n                                        <p><a href=\"mailto:newhopesingaporevl@gmail.com\">newhopesingaporevl@gmail.com<\/a><\/p>                <\/div>\n                            <\/div>\n        <\/div>\n                    <div class=\"aux-text-widget-footer\">\n                <div class=\"aux-border-shape-none \">\n                                <\/div>\n            <\/div>\n        \n<\/section><!-- widget-container -->\t\t<\/div>\n\t\t\t\t<\/div>\n\t\t\t\t\t<\/div>\n\t\t<\/div>\n\t\t\t\t<div class=\"aux-parallax-section elementor-column elementor-col-33 elementor-top-column elementor-element elementor-element-ae44f50\" data-id=\"ae44f50\" data-element_type=\"column\">\n\t\t\t<div class=\"elementor-widget-wrap elementor-element-populated\">\n\t\t\t\t\t\t\t\t<div class=\"elementor-element elementor-element-60f9abd aux-appear-watch-animation aux-fade-in-right elementor-widget elementor-widget-aux_text\" data-id=\"60f9abd\" data-element_type=\"widget\" data-widget_type=\"aux_text.default\">\n\t\t\t\t<div class=\"elementor-widget-container\">\n\t\t\t<section class=\"widget-container aux-widget-text aux-parent-aub5865cf3\">        <div class=\"aux-widget-advanced-text aux-wrap-style-simple aux-ico-pos-left aux-text-left aux-text-resp- aux-text-color-dark aux-text-widget-bg-center  \" >\n        \n                            <div class=\"aux-text-widget-header \"  >\n                        <div class=\"aux-ico-box aux-ico-large aux-ico-clear \">\n                                                                <svg xmlns=\"http:\/\/www.w3.org\/2000\/svg\" width=\"31.999\" height=\"31.999\" viewBox=\"0 0 31.999 31.999\"><path d=\"M359.865,66.154l-8.084-8.084,1.034-1.034a3.057,3.057,0,0,1,4.324,0L360.9,60.8a3.057,3.057,0,0,1,0,4.324Zm0,0\" transform=\"translate(-329.795 -37.664)\" fill=\"var(--e-global-color-secondary)\" \/><path d=\"M56.137,353.711l1.034-1.034a3.057,3.057,0,0,1,4.324,0l3.761,3.761a3.061,3.061,0,0,1,0,4.324l-1.034,1.034Zm0,0\" transform=\"translate(-52.628 -351.781)\" fill=\"var(--e-global-color-secondary)\" \/><path d=\"M28.649,26.5c-2.728,2.26-6.235,2.754-10.209,1.417a28.986,28.986,0,0,1-10.6-7.1,28.981,28.981,0,0,1-7.1-10.6C-.6,6.236-.107,2.728,2.153,0l8.123,8.123c-1.746,2.721.764,5.942,2.535,7.713s4.992,4.281,7.713,2.535Zm0,0\" transform=\"translate(-0.001 3.351)\" fill=\"var(--e-global-color-secondary)\" \/><\/svg>                                                    <\/div>\n                <\/div>\n            \n            <div class=\"aux-text-inner aux-text-widget-content\">\n                                <h4 class=\"col-title\">\u0110i\u1ec7n tho\u1ea1i li\u00ean h\u1ec7<\/h4>\n                                <div class=\"widget-content\">\n                                        <p>P. Kinh Doanh: <a href=\"tel:02703891688\">02703 891 688<\/a><\/p><p>P. Thu Mua: <a href=\"http:\/\/02703752818\" data-wplink-url-error=\"true\">02703 752 818<\/a><\/p>                <\/div>\n                            <\/div>\n        <\/div>\n                    <div class=\"aux-text-widget-footer\">\n                <div class=\"aux-border-shape-none \">\n                                <\/div>\n            <\/div>\n        \n<\/section><!-- widget-container -->\t\t<\/div>\n\t\t\t\t<\/div>\n\t\t\t\t\t<\/div>\n\t\t<\/div>\n\t\t\t\t\t\t\t<\/div>\n\t\t<\/section>\n\t\t\t\t<section class=\"elementor-section elementor-top-section elementor-element elementor-element-442f3f8 elementor-section-boxed elementor-section-height-default elementor-section-height-default\" data-id=\"442f3f8\" data-element_type=\"section\">\n\t\t\t\t\t\t<div class=\"elementor-container elementor-column-gap-default\">\n\t\t\t\t\t<div class=\"aux-parallax-section elementor-column elementor-col-100 elementor-top-column elementor-element elementor-element-27b4ce2\" data-id=\"27b4ce2\" data-element_type=\"column\">\n\t\t\t<div class=\"elementor-widget-wrap\">\n\t\t\t\t\t\t\t\t\t<\/div>\n\t\t<\/div>\n\t\t\t\t\t\t\t<\/div>\n\t\t<\/section>\n\t\t\t\t\t\t\t<\/div>\n\t\t","protected":false},"excerpt":{"rendered":"<p>Li\u00ean h\u1ec7 v\u1edbi ch\u00fang t\u00f4i \u0110\u01b0\u0300ng ti\u0300m ki\u00ea\u0301m tr\u00ean Google Ha\u0303y thi\u00ea\u0301t k\u00ea\u0301 c\u00e2u ho\u0309i cu\u0309a ri\u00eang ba\u0323n S\u1ed1 \u0111i\u1ec7n tho\u1ea1i c\u1ee7a b\u1ea1n s\u1ebd kh\u00f4ng \u0111\u01b0\u1ee3c c\u00f4ng b\u1ed1. C\u00e1c tr\u01b0\u1eddng b\u1eaft bu\u1ed9c \u0111\u01b0\u1ee3c \u0111\u00e1nh d\u1ea5u* G\u1eb7p ch\u00fang t\u00f4i t\u1ea1i v\u0103n ph\u00f2ng L\u00f4 I, KCN B\u00ecnh Minh, \u1ea5p M\u1ef9 H\u01b0ng 2, ph\u01b0\u1eddng C\u00e1i V\u1ed3n, t\u1ec9nh V\u0129nh [&hellip;]<\/p>\n","protected":false},"author":3,"featured_media":0,"parent":0,"menu_order":0,"comment_status":"closed","ping_status":"closed","template":"templates\/page-builder-content.php","meta":{"footnotes":""},"class_list":["post-1121","page","type-page","status-publish","hentry"],"_links":{"self":[{"href":"https:\/\/www.newhopevinhlong.com\/en\/wp-json\/wp\/v2\/pages\/1121"}],"collection":[{"href":"https:\/\/www.newhopevinhlong.com\/en\/wp-json\/wp\/v2\/pages"}],"about":[{"href":"https:\/\/www.newhopevinhlong.com\/en\/wp-json\/wp\/v2\/types\/page"}],"author":[{"embeddable":true,"href":"https:\/\/www.newhopevinhlong.com\/en\/wp-json\/wp\/v2\/users\/3"}],"replies":[{"embeddable":true,"href":"https:\/\/www.newhopevinhlong.com\/en\/wp-json\/wp\/v2\/comments?post=1121"}],"version-history":[{"count":6,"href":"https:\/\/www.newhopevinhlong.com\/en\/wp-json\/wp\/v2\/pages\/1121\/revisions"}],"predecessor-version":[{"id":2162,"href":"https:\/\/www.newhopevinhlong.com\/en\/wp-json\/wp\/v2\/pages\/1121\/revisions\/2162"}],"wp:attachment":[{"href":"https:\/\/www.newhopevinhlong.com\/en\/wp-json\/wp\/v2\/media?parent=1121"}],"curies":[{"name":"wp","href":"https:\/\/api.w.org\/{rel}","templated":true}]}}