{"id":1120,"date":"2021-03-09T07:11:42","date_gmt":"2021-03-09T00:11:42","guid":{"rendered":"https:\/\/newhopevinhlong.com\/gioi-thieu\/"},"modified":"2024-09-05T15:38:54","modified_gmt":"2024-09-05T08:38:54","slug":"gioi-thieu","status":"publish","type":"page","link":"https:\/\/www.newhopevinhlong.com\/en\/gioi-thieu\/","title":{"rendered":"Gi\u01a1\u0301i thi\u00ea\u0323u"},"content":{"rendered":"\t\t<div data-elementor-type=\"wp-page\" data-elementor-id=\"1120\" class=\"elementor elementor-1120 elementor-106\">\n\t\t\t\t\t\t\t\t\t<section class=\"elementor-section elementor-top-section elementor-element elementor-element-9bf49ce elementor-section-boxed elementor-section-height-default elementor-section-height-default\" data-id=\"9bf49ce\" data-element_type=\"section\">\n\t\t\t\t\t\t<div class=\"elementor-container elementor-column-gap-no\">\n\t\t\t\t\t<div class=\"aux-parallax-section elementor-column elementor-col-100 elementor-top-column elementor-element elementor-element-d051433\" data-id=\"d051433\" data-element_type=\"column\">\n\t\t\t<div class=\"elementor-widget-wrap elementor-element-populated\">\n\t\t\t\t\t\t\t\t<div class=\"elementor-element elementor-element-5cfb0cb aux-appear-watch-animation aux-scale-down elementor-widget elementor-widget-aux_modern_heading\" data-id=\"5cfb0cb\" data-element_type=\"widget\" data-widget_type=\"aux_modern_heading.default\">\n\t\t\t\t<div class=\"elementor-widget-container\">\n\t\t\t<section class=\"aux-widget-modern-heading\">\n            <div class=\"aux-widget-inner\"><h2 class=\"aux-modern-heading-primary\">C\u00e2u chuy\u00ea\u0323n<\/h2><h3 class=\"aux-modern-heading-secondary\"><span class=\"aux-head-highlight\">cu\u0309a chu\u0301ng t\u00f4i<\/span><\/h3><\/div>\n        <\/section>\t\t<\/div>\n\t\t\t\t<\/div>\n\t\t\t\t<section class=\"elementor-section elementor-inner-section elementor-element elementor-element-9d18212 elementor-hidden-mobile elementor-section-boxed elementor-section-height-default elementor-section-height-default\" data-id=\"9d18212\" data-element_type=\"section\">\n\t\t\t\t\t\t<div class=\"elementor-container elementor-column-gap-no\">\n\t\t\t\t\t<div class=\"aux-parallax-section elementor-column elementor-col-50 elementor-inner-column elementor-element elementor-element-50b7fe3\" data-id=\"50b7fe3\" data-element_type=\"column\">\n\t\t\t<div class=\"elementor-widget-wrap elementor-element-populated\">\n\t\t\t\t\t\t\t\t<div class=\"elementor-element elementor-element-92ba4de aux-appear-watch-animation aux-fade-in-left-1 elementor-widget elementor-widget-aux_image\" data-id=\"92ba4de\" data-element_type=\"widget\" data-widget_type=\"aux_image.default\">\n\t\t\t\t<div class=\"elementor-widget-container\">\n\t\t\t<section class=\"widget-container aux-widget-image aux-alignnone aux-parent-auab7ce80e\">\n    <div class=\"aux-media-hint-frame \">\n        <div class=\"aux-media-image \" >\n        \n            \n\n            \n            <img loading=\"lazy\" decoding=\"async\" width=\"2560\" height=\"2303\" src=\"https:\/\/www.newhopevinhlong.com\/wp-content\/uploads\/2024\/06\/Hinh-1-chen-bai-gioi-thieu-NHVL-scaled.jpg\" class=\"aux-attachment aux-featured-image aux-attachment-id-415\" alt=\"H\u00ecnh 1 ch\u00e8n b\u00e0i gi\u1edbi thi\u1ec7u NHVL\" data-ratio=\"1.11\" data-original-w=\"2560\" \/>            \n                <\/div>\n    <\/div>\n\n<\/section><!-- widget-container -->\t\t<\/div>\n\t\t\t\t<\/div>\n\t\t\t\t<div class=\"elementor-element elementor-element-cecf14d elementor-widget__width-initial aux-appear-watch-animation aux-fade-in-up elementor-widget elementor-widget-aux_modern_heading\" data-id=\"cecf14d\" data-element_type=\"widget\" data-widget_type=\"aux_modern_heading.default\">\n\t\t\t\t<div class=\"elementor-widget-container\">\n\t\t\t<section class=\"aux-widget-modern-heading\">\n            <div class=\"aux-widget-inner\"><h3 class=\"aux-modern-heading-primary\"><\/h3><div class=\"aux-modern-heading-description\"><p>V\u1edbi di\u1ec7n t\u00edch nh\u00e0 m\u00e1y l\u00e0 5 hecta, x\u00e2y d\u1ef1ng nh\u00e0 m\u00e1y s\u1ea3n xu\u1ea5t th\u1ee9c \u0103n th\u1ee7y s\u1ea3n hi\u1ec7n \u0111\u1ea1i h\u00f3a v\u1edbi s\u1ea3n l\u01b0\u1ee3ng 320.000 t\u1ea5n m\u1ed7i n\u0103m, d\u00e2y chuy\u1ec1n s\u1ea3n xu\u1ea5t \u0111\u01b0\u1ee3c l\u1eafp \u0111\u1eb7t thi\u1ebft b\u1ecb hi\u1ec7n \u0111\u1ea1i nh\u1ea5t trong ng\u00e0nh c\u00f4ng nghi\u1ec7p s\u1ea3n xu\u1ea5t th\u1ee9c \u0103n th\u1ee7y s\u1ea3n, s\u1ea3n ph\u1ea9m bao g\u1ed3m nhi\u1ec1u ch\u1ee7ng lo\u1ea1i th\u1ee9c \u0103n cho c\u00e1, t\u00f4m. \u0110\u1ed3ng th\u1eddi C\u00f4ng ty TNHH New Hope V\u0129nh Long \u0111\u01b0\u1ee3c \u0111\u1ea7u t\u01b0 v\u1ec1 t\u00e0i ch\u00ednh v\u00e0 ngu\u1ed3n nh\u00e2n l\u1ef1c \u0111\u1ec3 \u0111\u1ea9y m\u1ea1nh x\u00e2y d\u1ef1ng, ph\u00e1t tri\u1ec3n Chu\u1ed7i li\u00ean k\u1ebft bao g\u1ed3m c\u00e1c ng\u00e0nh ngh\u1ec1 t\u1eeb s\u1ea3n xu\u1ea5t con gi\u1ed1ng, nu\u00f4i tr\u1ed3ng th\u1ee7y s\u1ea3n, th\u1ee9c \u0103n ch\u0103n nu\u00f4i, thu\u1ed1c th\u1ee7y s\u1ea3n, gia c\u00f4ng, ch\u1ebf bi\u1ebfn th\u1ef1c ph\u1ea9m v\u00e0 th\u01b0\u01a1ng m\u1ea1i. V\u1edbi th\u1ebf m\u1ea1nh v\u1ec1 c\u00f4ng ngh\u1ec7 s\u1ea3n xu\u1ea5t hi\u1ec7n \u0111\u1ea1i v\u00e0 \u0111\u1ed9i ng\u0169 nh\u00e2n t\u00e0i \u0111\u01b0\u1ee3c tuy\u1ec3n d\u1ee5ng t\u1eeb kh\u1eafp n\u01a1i tr\u00ean c\u1ea3 n\u01b0\u1edbc, C\u00f4ng ty New Hope V\u0129nh Long ng\u00e0y c\u00e0ng ph\u00e1t tri\u1ec3n v\u1edbi m\u1ee5c ti\u00eau cung c\u1ea5p m\u1ed9t d\u1ecbch v\u1ee5 ho\u00e0n h\u1ea3o nh\u1ea5t cho kh\u00e1ch h\u00e0ng.<\/p><\/div><\/div>\n        <\/section>\t\t<\/div>\n\t\t\t\t<\/div>\n\t\t\t\t<div class=\"elementor-element elementor-element-6b82af7 elementor-widget__width-auto elementor-widget-tablet__width-inherit aux-appear-watch-animation aux-fade-in-down elementor-widget elementor-widget-aux_modern_heading\" data-id=\"6b82af7\" data-element_type=\"widget\" data-widget_type=\"aux_modern_heading.default\">\n\t\t\t\t<div class=\"elementor-widget-container\">\n\t\t\t<section class=\"aux-widget-modern-heading\">\n            <div class=\"aux-widget-inner\"><h3 class=\"aux-modern-heading-primary\">2017<\/h3><div class=\"aux-modern-heading-divider\"><\/div><\/div>\n        <\/section>\t\t<\/div>\n\t\t\t\t<\/div>\n\t\t\t\t\t<\/div>\n\t\t<\/div>\n\t\t\t\t<div class=\"aux-parallax-section elementor-column elementor-col-50 elementor-inner-column elementor-element elementor-element-01af5eb\" data-id=\"01af5eb\" data-element_type=\"column\">\n\t\t\t<div class=\"elementor-widget-wrap elementor-element-populated\">\n\t\t\t\t\t\t\t\t<div class=\"elementor-element elementor-element-9ef0f70 elementor-widget__width-auto elementor-widget-tablet__width-inherit aux-appear-watch-animation aux-fade-in-down elementor-widget elementor-widget-aux_modern_heading\" data-id=\"9ef0f70\" data-element_type=\"widget\" data-widget_type=\"aux_modern_heading.default\">\n\t\t\t\t<div class=\"elementor-widget-container\">\n\t\t\t<section class=\"aux-widget-modern-heading\">\n            <div class=\"aux-widget-inner\"><div class=\"aux-modern-heading-divider\"><\/div><h3 class=\"aux-modern-heading-primary\">2017<\/h3><\/div>\n        <\/section>\t\t<\/div>\n\t\t\t\t<\/div>\n\t\t\t\t<div class=\"elementor-element elementor-element-c3c34e2 elementor-widget__width-auto aux-appear-watch-animation aux-fade-in-up elementor-widget elementor-widget-aux_modern_heading\" data-id=\"c3c34e2\" data-element_type=\"widget\" data-widget_type=\"aux_modern_heading.default\">\n\t\t\t\t<div class=\"elementor-widget-container\">\n\t\t\t<section class=\"aux-widget-modern-heading\">\n            <div class=\"aux-widget-inner\"><h3 class=\"aux-modern-heading-primary\">C\u00d4NG TY TNHH NEW HOPE V\u0128NH LONG<\/h3><div class=\"aux-modern-heading-description\"><p>C\u00f4ng ty <strong>TNHH New Hope V\u0129nh Long<\/strong> thu\u1ed9c <strong>T\u1eadp \u0111o\u00e0n New Hope<\/strong>, chuy\u00ean nghi\u00ean c\u1ee9u ph\u00e1t tri\u1ec3n, s\u1ea3n xu\u1ea5t v\u00e0 kinh doanh th\u1ee9c \u0103n th\u1ee7y s\u1ea3n. C\u00f4ng ty n\u1eb1m trong khu c\u00f4ng nghi\u1ec7p B\u00ecnh Minh, t\u1ec9nh V\u0129nh Long, gi\u00e1p th\u00e0nh ph\u1ed1 C\u1ea7n Th\u01a1, c\u00f3 l\u1ee3i th\u1ebf v\u1ec1 v\u1ecb tr\u00ed \u0111\u1ecba l\u00fd, giao th\u00f4ng thu\u1eadn l\u1ee3i.<\/p><p>C\u00f4ng ty TNHH New Hope V\u0129nh Long \u0111\u01b0\u1ee3c ch\u00ednh ph\u1ee7 Vi\u1ec7t Nam ph\u00ea chu\u1ea9n th\u00e0nh l\u1eadp v\u00e0o th\u00e1ng 05\/2017. Gi\u1ea5y ch\u1ee9ng nh\u1eadn \u0111\u0103ng k\u00fd doanh nghi\u1ec7p s\u1ed1 1501066067 do Ph\u00f2ng \u0110\u0103ng k\u00fd kinh doanh - S\u1edf K\u1ebf ho\u1ea1ch v\u00e0 \u0110\u1ea7u t\u01b0 t\u1ec9nh V\u0129nh Long c\u1ea5p l\u1ea7n \u0111\u1ea7u ng\u00e0y 11\/05\/2017. T\u1ed5ng v\u1ed1n \u0111\u1ea7u t\u01b0 l\u00e0 25.000.000 USD do New Hope Singapore Pte.Ltd g\u00f3p b\u1eb1ng ti\u1ec1n m\u1eb7t v\u00e0 m\u00e1y m\u00f3c thi\u1ebft b\u1ecb.\u00a0<\/p><\/div><\/div>\n        <\/section>\t\t<\/div>\n\t\t\t\t<\/div>\n\t\t\t\t<div class=\"elementor-element elementor-element-66bc468 aux-appear-watch-animation aux-fade-in-right elementor-widget elementor-widget-aux_image\" data-id=\"66bc468\" data-element_type=\"widget\" data-widget_type=\"aux_image.default\">\n\t\t\t\t<div class=\"elementor-widget-container\">\n\t\t\t<section class=\"widget-container aux-widget-image aux-alignnone aux-parent-auc4fc8d26\">\n    <div class=\"aux-media-hint-frame \">\n        <div class=\"aux-media-image \" >\n        \n            \n\n            \n            <img loading=\"lazy\" decoding=\"async\" width=\"2560\" height=\"1707\" src=\"https:\/\/www.newhopevinhlong.com\/wp-content\/uploads\/2024\/06\/Hinh-2-chen-bai-gioi-thieu-NHVL-scaled.jpg\" class=\"aux-attachment aux-featured-image aux-attachment-id-416\" alt=\"H\u00ecnh 2 ch\u00e8n b\u00e0i gi\u1edbi thi\u1ec7u NHVL\" data-ratio=\"1.5\" data-original-w=\"2560\" \/>            \n                <\/div>\n    <\/div>\n\n<\/section><!-- widget-container -->\t\t<\/div>\n\t\t\t\t<\/div>\n\t\t\t\t\t<\/div>\n\t\t<\/div>\n\t\t\t\t\t\t\t<\/div>\n\t\t<\/section>\n\t\t\t\t<section class=\"elementor-section elementor-inner-section elementor-element elementor-element-25ddc4a elementor-hidden-desktop elementor-hidden-tablet elementor-section-boxed elementor-section-height-default elementor-section-height-default\" data-id=\"25ddc4a\" data-element_type=\"section\">\n\t\t\t\t\t\t<div class=\"elementor-container elementor-column-gap-no\">\n\t\t\t\t\t<div class=\"aux-parallax-section elementor-column elementor-col-100 elementor-inner-column elementor-element elementor-element-fa8facb\" data-id=\"fa8facb\" data-element_type=\"column\">\n\t\t\t<div class=\"elementor-widget-wrap elementor-element-populated\">\n\t\t\t\t\t\t\t\t<div class=\"elementor-element elementor-element-76f3aeb elementor-widget__width-auto elementor-widget-tablet__width-inherit aux-appear-watch-animation aux-fade-in-down elementor-widget elementor-widget-aux_modern_heading\" data-id=\"76f3aeb\" data-element_type=\"widget\" data-widget_type=\"aux_modern_heading.default\">\n\t\t\t\t<div class=\"elementor-widget-container\">\n\t\t\t<section class=\"aux-widget-modern-heading\">\n            <div class=\"aux-widget-inner\"><div class=\"aux-modern-heading-divider\"><\/div><h3 class=\"aux-modern-heading-primary\">2017<\/h3><\/div>\n        <\/section>\t\t<\/div>\n\t\t\t\t<\/div>\n\t\t\t\t<div class=\"elementor-element elementor-element-6ccbf9c elementor-widget__width-auto aux-appear-watch-animation aux-fade-in-up elementor-widget elementor-widget-aux_modern_heading\" data-id=\"6ccbf9c\" data-element_type=\"widget\" data-widget_type=\"aux_modern_heading.default\">\n\t\t\t\t<div class=\"elementor-widget-container\">\n\t\t\t<section class=\"aux-widget-modern-heading\">\n            <div class=\"aux-widget-inner\"><h3 class=\"aux-modern-heading-primary\">C\u00d4NG TY TNHH NEW HOPE V\u0128NH LONG<\/h3><div class=\"aux-modern-heading-description\"><p>C\u00f4ng ty <strong>TNHH New Hope V\u0129nh Long<\/strong> thu\u1ed9c <strong>T\u1eadp \u0111o\u00e0n New Hope<\/strong>, chuy\u00ean nghi\u00ean c\u1ee9u ph\u00e1t tri\u1ec3n, s\u1ea3n xu\u1ea5t v\u00e0 kinh doanh th\u1ee9c \u0103n th\u1ee7y s\u1ea3n. C\u00f4ng ty n\u1eb1m trong khu c\u00f4ng nghi\u1ec7p B\u00ecnh Minh, t\u1ec9nh V\u0129nh Long, gi\u00e1p th\u00e0nh ph\u1ed1 C\u1ea7n Th\u01a1, c\u00f3 l\u1ee3i th\u1ebf v\u1ec1 v\u1ecb tr\u00ed \u0111\u1ecba l\u00fd, giao th\u00f4ng thu\u1eadn l\u1ee3i.<\/p><p>C\u00f4ng ty TNHH New Hope V\u0129nh Long \u0111\u01b0\u1ee3c ch\u00ednh ph\u1ee7 Vi\u1ec7t Nam ph\u00ea chu\u1ea9n th\u00e0nh l\u1eadp v\u00e0o th\u00e1ng 05\/2017. Gi\u1ea5y ch\u1ee9ng nh\u1eadn \u0111\u0103ng k\u00fd doanh nghi\u1ec7p s\u1ed1 1501066067 do Ph\u00f2ng \u0110\u0103ng k\u00fd kinh doanh - S\u1edf K\u1ebf ho\u1ea1ch v\u00e0 \u0110\u1ea7u t\u01b0 t\u1ec9nh V\u0129nh Long c\u1ea5p l\u1ea7n \u0111\u1ea7u ng\u00e0y 11\/05\/2017. T\u1ed5ng v\u1ed1n \u0111\u1ea7u t\u01b0 l\u00e0 25.000.000 USD do New Hope Singapore Pte.Ltd g\u00f3p b\u1eb1ng ti\u1ec1n m\u1eb7t v\u00e0 m\u00e1y m\u00f3c thi\u1ebft b\u1ecb.\u00a0<\/p><\/div><\/div>\n        <\/section>\t\t<\/div>\n\t\t\t\t<\/div>\n\t\t\t\t<div class=\"elementor-element elementor-element-012c763 aux-appear-watch-animation aux-fade-in-right elementor-widget elementor-widget-aux_image\" data-id=\"012c763\" data-element_type=\"widget\" data-widget_type=\"aux_image.default\">\n\t\t\t\t<div class=\"elementor-widget-container\">\n\t\t\t<section class=\"widget-container aux-widget-image aux-alignnone aux-parent-au04d10633\">\n    <div class=\"aux-media-hint-frame \">\n        <div class=\"aux-media-image \" >\n        \n            \n\n            \n            <img loading=\"lazy\" decoding=\"async\" width=\"2560\" height=\"2303\" src=\"https:\/\/www.newhopevinhlong.com\/wp-content\/uploads\/2024\/06\/Hinh-1-chen-bai-gioi-thieu-NHVL-scaled.jpg\" class=\"aux-attachment aux-featured-image aux-attachment-id-415\" alt=\"H\u00ecnh 1 ch\u00e8n b\u00e0i gi\u1edbi thi\u1ec7u NHVL\" data-ratio=\"1.11\" data-original-w=\"2560\" \/>            \n                <\/div>\n    <\/div>\n\n<\/section><!-- widget-container -->\t\t<\/div>\n\t\t\t\t<\/div>\n\t\t\t\t<div class=\"elementor-element elementor-element-975f1ea elementor-widget__width-auto elementor-widget-tablet__width-inherit aux-appear-watch-animation aux-fade-in-down elementor-widget elementor-widget-aux_modern_heading\" data-id=\"975f1ea\" data-element_type=\"widget\" data-widget_type=\"aux_modern_heading.default\">\n\t\t\t\t<div class=\"elementor-widget-container\">\n\t\t\t<section class=\"aux-widget-modern-heading\">\n            <div class=\"aux-widget-inner\"><div class=\"aux-modern-heading-divider\"><\/div><h3 class=\"aux-modern-heading-primary\">2017<\/h3><\/div>\n        <\/section>\t\t<\/div>\n\t\t\t\t<\/div>\n\t\t\t\t<div class=\"elementor-element elementor-element-b908862 elementor-widget__width-auto aux-appear-watch-animation aux-fade-in-up elementor-widget elementor-widget-aux_modern_heading\" data-id=\"b908862\" data-element_type=\"widget\" data-widget_type=\"aux_modern_heading.default\">\n\t\t\t\t<div class=\"elementor-widget-container\">\n\t\t\t<section class=\"aux-widget-modern-heading\">\n            <div class=\"aux-widget-inner\"><h3 class=\"aux-modern-heading-primary\"><\/h3><div class=\"aux-modern-heading-description\"><p>V\u1edbi di\u1ec7n t\u00edch nh\u00e0 m\u00e1y l\u00e0 5 hecta, x\u00e2y d\u1ef1ng nh\u00e0 m\u00e1y s\u1ea3n xu\u1ea5t th\u1ee9c \u0103n th\u1ee7y s\u1ea3n hi\u1ec7n \u0111\u1ea1i h\u00f3a v\u1edbi s\u1ea3n l\u01b0\u1ee3ng 320.000 t\u1ea5n m\u1ed7i n\u0103m, d\u00e2y chuy\u1ec1n s\u1ea3n xu\u1ea5t \u0111\u01b0\u1ee3c l\u1eafp \u0111\u1eb7t thi\u1ebft b\u1ecb hi\u1ec7n \u0111\u1ea1i nh\u1ea5t trong ng\u00e0nh c\u00f4ng nghi\u1ec7p s\u1ea3n xu\u1ea5t th\u1ee9c \u0103n th\u1ee7y s\u1ea3n, s\u1ea3n ph\u1ea9m bao g\u1ed3m nhi\u1ec1u ch\u1ee7ng lo\u1ea1i th\u1ee9c \u0103n cho c\u00e1, t\u00f4m. \u0110\u1ed3ng th\u1eddi C\u00f4ng ty TNHH New Hope V\u0129nh Long \u0111\u01b0\u1ee3c \u0111\u1ea7u t\u01b0 v\u1ec1 t\u00e0i ch\u00ednh v\u00e0 ngu\u1ed3n nh\u00e2n l\u1ef1c \u0111\u1ec3 \u0111\u1ea9y m\u1ea1nh x\u00e2y d\u1ef1ng, ph\u00e1t tri\u1ec3n Chu\u1ed7i li\u00ean k\u1ebft bao g\u1ed3m c\u00e1c ng\u00e0nh ngh\u1ec1 t\u1eeb s\u1ea3n xu\u1ea5t con gi\u1ed1ng, nu\u00f4i tr\u1ed3ng th\u1ee7y s\u1ea3n, th\u1ee9c \u0103n ch\u0103n nu\u00f4i, thu\u1ed1c th\u1ee7y s\u1ea3n, gia c\u00f4ng, ch\u1ebf bi\u1ebfn th\u1ef1c ph\u1ea9m v\u00e0 th\u01b0\u01a1ng m\u1ea1i. V\u1edbi th\u1ebf m\u1ea1nh v\u1ec1 c\u00f4ng ngh\u1ec7 s\u1ea3n xu\u1ea5t hi\u1ec7n \u0111\u1ea1i v\u00e0 \u0111\u1ed9i ng\u0169 nh\u00e2n t\u00e0i \u0111\u01b0\u1ee3c tuy\u1ec3n d\u1ee5ng t\u1eeb kh\u1eafp n\u01a1i tr\u00ean c\u1ea3 n\u01b0\u1edbc, C\u00f4ng ty New Hope V\u0129nh Long ng\u00e0y c\u00e0ng ph\u00e1t tri\u1ec3n v\u1edbi m\u1ee5c ti\u00eau cung c\u1ea5p m\u1ed9t d\u1ecbch v\u1ee5 ho\u00e0n h\u1ea3o nh\u1ea5t cho kh\u00e1ch h\u00e0ng.<\/p><\/div><\/div>\n        <\/section>\t\t<\/div>\n\t\t\t\t<\/div>\n\t\t\t\t<div class=\"elementor-element elementor-element-63c1349 aux-appear-watch-animation aux-fade-in-right elementor-widget elementor-widget-aux_image\" data-id=\"63c1349\" data-element_type=\"widget\" data-widget_type=\"aux_image.default\">\n\t\t\t\t<div class=\"elementor-widget-container\">\n\t\t\t<section class=\"widget-container aux-widget-image aux-alignnone aux-parent-au3db55c51\">\n    <div class=\"aux-media-hint-frame \">\n        <div class=\"aux-media-image \" >\n        \n            \n\n            \n            <img loading=\"lazy\" decoding=\"async\" width=\"2560\" height=\"1707\" src=\"https:\/\/www.newhopevinhlong.com\/wp-content\/uploads\/2024\/06\/Hinh-2-chen-bai-gioi-thieu-NHVL-scaled.jpg\" class=\"aux-attachment aux-featured-image aux-attachment-id-416\" alt=\"H\u00ecnh 2 ch\u00e8n b\u00e0i gi\u1edbi thi\u1ec7u NHVL\" data-ratio=\"1.5\" data-original-w=\"2560\" \/>            \n                <\/div>\n    <\/div>\n\n<\/section><!-- widget-container -->\t\t<\/div>\n\t\t\t\t<\/div>\n\t\t\t\t\t<\/div>\n\t\t<\/div>\n\t\t\t\t\t\t\t<\/div>\n\t\t<\/section>\n\t\t\t\t\t<\/div>\n\t\t<\/div>\n\t\t\t\t\t\t\t<\/div>\n\t\t<\/section>\n\t\t\t\t\t\t\t<\/div>\n\t\t","protected":false},"excerpt":{"rendered":"<p>C\u00e2u chuy\u00ea\u0323n cu\u0309a chu\u0301ng t\u00f4i V\u1edbi di\u1ec7n t\u00edch nh\u00e0 m\u00e1y l\u00e0 5 hecta, x\u00e2y d\u1ef1ng nh\u00e0 m\u00e1y s\u1ea3n xu\u1ea5t th\u1ee9c \u0103n th\u1ee7y s\u1ea3n hi\u1ec7n \u0111\u1ea1i h\u00f3a v\u1edbi s\u1ea3n l\u01b0\u1ee3ng 320.000 t\u1ea5n m\u1ed7i n\u0103m, d\u00e2y chuy\u1ec1n s\u1ea3n xu\u1ea5t \u0111\u01b0\u1ee3c l\u1eafp \u0111\u1eb7t thi\u1ebft b\u1ecb hi\u1ec7n \u0111\u1ea1i nh\u1ea5t trong ng\u00e0nh c\u00f4ng nghi\u1ec7p s\u1ea3n xu\u1ea5t th\u1ee9c \u0103n th\u1ee7y s\u1ea3n, [&hellip;]<\/p>\n","protected":false},"author":3,"featured_media":0,"parent":0,"menu_order":0,"comment_status":"closed","ping_status":"closed","template":"templates\/page-builder-content.php","meta":{"footnotes":""},"class_list":["post-1120","page","type-page","status-publish","hentry"],"_links":{"self":[{"href":"https:\/\/www.newhopevinhlong.com\/en\/wp-json\/wp\/v2\/pages\/1120"}],"collection":[{"href":"https:\/\/www.newhopevinhlong.com\/en\/wp-json\/wp\/v2\/pages"}],"about":[{"href":"https:\/\/www.newhopevinhlong.com\/en\/wp-json\/wp\/v2\/types\/page"}],"author":[{"embeddable":true,"href":"https:\/\/www.newhopevinhlong.com\/en\/wp-json\/wp\/v2\/users\/3"}],"replies":[{"embeddable":true,"href":"https:\/\/www.newhopevinhlong.com\/en\/wp-json\/wp\/v2\/comments?post=1120"}],"version-history":[{"count":15,"href":"https:\/\/www.newhopevinhlong.com\/en\/wp-json\/wp\/v2\/pages\/1120\/revisions"}],"predecessor-version":[{"id":1914,"href":"https:\/\/www.newhopevinhlong.com\/en\/wp-json\/wp\/v2\/pages\/1120\/revisions\/1914"}],"wp:attachment":[{"href":"https:\/\/www.newhopevinhlong.com\/en\/wp-json\/wp\/v2\/media?parent=1120"}],"curies":[{"name":"wp","href":"https:\/\/api.w.org\/{rel}","templated":true}]}}